{"id":229,"date":"2014-04-09T15:16:26","date_gmt":"2014-04-09T14:16:26","guid":{"rendered":"http:\/\/www.ponyanddogtrip.com\/?page_id=229"},"modified":"2014-04-09T15:24:43","modified_gmt":"2014-04-09T14:24:43","slug":"a-gjore-liste","status":"publish","type":"page","link":"https:\/\/www.ponyanddogtrip.nl\/nb\/a-gjore-liste\/","title":{"rendered":"\u00c5 gj\u00f8re-liste"},"content":{"rendered":"<p>Perfeksjonering av ruten<\/p>\n<p>Kart\/ guideb\u00f8ker, gps.<\/p>\n<p>Finne overnattings-\/ hvileplasser: kampingplasser, `gites rurales`, rideskuler, mm.<\/p>\n<p>Kommunikasjonsmidler; mobil, I-Pad, Spot X<\/p>\n<p>Materiale:<\/p>\n<p>&#8211;\u00a0\u00a0\u00a0\u00a0\u00a0\u00a0\u00a0\u00a0\u00a0 Til meg: telt, sovepose, kl\u00e6r (\u00e5 holde varmen og regnkl\u00e6r), sko.<\/p>\n<p>&#8211;\u00a0\u00a0\u00a0\u00a0\u00a0\u00a0\u00a0\u00a0\u00a0 Til hunden: matsk\u00e5l, teletact, b\u00e5nd, jakke, munnkurv, potesokker, f\u00f2r, vaksiner.<\/p>\n<p>&#8211;\u00a0\u00a0\u00a0\u00a0\u00a0\u00a0\u00a0\u00a0\u00a0 Til hesten: kl\u00f8vutstyr (sele, vanntette sekker), langt tau og spiral \u00e5 sette fast i bakken, regndekke, f\u00f3r, drikke, m\u00f8kksekk (\u00e5 fange opp m\u00f8kk underveis), kost og brett, munnkurv, hovrasp, n\u00f8kler til salen, boots, hingstebitt.<\/p>\n<p>TV-kanaler og regionale aviser<\/p>\n<p>Ta kontakt med Mamma Alica- organisasjonen om distribueringsmateriale.<\/p>\n<p>Kj\u00f8pe hestehenger<\/p>\n<p>Realisering av f\u00f8lge-kalenderen<\/p>\n<p>Trening av b\u00e5de dyrene og meg selv.<\/p>\n","protected":false},"excerpt":{"rendered":"<p>Perfeksjonering av ruten Kart\/ guideb\u00f8ker, gps. Finne overnattings-\/ hvileplasser: kampingplasser, `gites rurales`, rideskuler, mm. Kommunikasjonsmidler; mobil, I-Pad, Spot X Materiale: &#8211;\u00a0\u00a0\u00a0\u00a0\u00a0\u00a0\u00a0\u00a0\u00a0 Til meg: telt, sovepose, kl\u00e6r (\u00e5 holde varmen og regnkl\u00e6r), sko. &#8211;\u00a0\u00a0\u00a0\u00a0\u00a0\u00a0\u00a0\u00a0\u00a0 Til hunden: matsk\u00e5l, teletact, b\u00e5nd, jakke, munnkurv, potesokker, f\u00f2r, vaksiner. &#8211;\u00a0\u00a0\u00a0\u00a0\u00a0\u00a0\u00a0\u00a0\u00a0 Til hesten: kl\u00f8vutstyr (sele, vanntette sekker), langt tau og spiral \u00e5&nbsp;<a href=\"https:\/\/www.ponyanddogtrip.nl\/nb\/a-gjore-liste\/\"><i class=\"fa fa-long-arrow-right\"><\/i><\/a><\/p>\n","protected":false},"author":5,"featured_media":0,"parent":0,"menu_order":0,"comment_status":"open","ping_status":"open","template":"","meta":{"ngg_post_thumbnail":0,"footnotes":""},"class_list":["post-229","page","type-page","status-publish","hentry","entry"],"yoast_head":"<!-- This site is optimized with the Yoast SEO plugin v27.4 - https:\/\/yoast.com\/product\/yoast-seo-wordpress\/ -->\n<title>\u00c5 gj\u00f8re-liste - Pony and dog trip europe<\/title>\n<meta name=\"robots\" content=\"index, follow, max-snippet:-1, max-image-preview:large, max-video-preview:-1\" \/>\n<link rel=\"canonical\" href=\"https:\/\/www.ponyanddogtrip.nl\/nb\/a-gjore-liste\/\" \/>\n<meta property=\"og:locale\" content=\"nb_NO\" \/>\n<meta property=\"og:type\" content=\"article\" \/>\n<meta property=\"og:title\" content=\"\u00c5 gj\u00f8re-liste - Pony and dog trip europe\" \/>\n<meta property=\"og:description\" content=\"Perfeksjonering av ruten Kart\/ guideb\u00f8ker, gps. Finne overnattings-\/ hvileplasser: kampingplasser, `gites rurales`, rideskuler, mm. Kommunikasjonsmidler; mobil, I-Pad, Spot X Materiale: &#8211;\u00a0\u00a0\u00a0\u00a0\u00a0\u00a0\u00a0\u00a0\u00a0 Til meg: telt, sovepose, kl\u00e6r (\u00e5 holde varmen og regnkl\u00e6r), sko. &#8211;\u00a0\u00a0\u00a0\u00a0\u00a0\u00a0\u00a0\u00a0\u00a0 Til hunden: matsk\u00e5l, teletact, b\u00e5nd, jakke, munnkurv, potesokker, f\u00f2r, vaksiner. &#8211;\u00a0\u00a0\u00a0\u00a0\u00a0\u00a0\u00a0\u00a0\u00a0 Til hesten: kl\u00f8vutstyr (sele, vanntette sekker), langt tau og spiral \u00e5&nbsp;\" \/>\n<meta property=\"og:url\" content=\"https:\/\/www.ponyanddogtrip.nl\/nb\/a-gjore-liste\/\" \/>\n<meta property=\"og:site_name\" content=\"Pony and dog trip europe\" \/>\n<meta property=\"article:modified_time\" content=\"2014-04-09T14:24:43+00:00\" \/>\n<meta name=\"twitter:label1\" content=\"Ansl. lesetid\" \/>\n\t<meta name=\"twitter:data1\" content=\"1 minutt\" \/>\n<script type=\"application\/ld+json\" class=\"yoast-schema-graph\">{\"@context\":\"https:\\\/\\\/schema.org\",\"@graph\":[{\"@type\":\"WebPage\",\"@id\":\"https:\\\/\\\/www.ponyanddogtrip.nl\\\/nb\\\/a-gjore-liste\\\/\",\"url\":\"https:\\\/\\\/www.ponyanddogtrip.nl\\\/nb\\\/a-gjore-liste\\\/\",\"name\":\"\u00c5 gj\u00f8re-liste - Pony and dog trip europe\",\"isPartOf\":{\"@id\":\"https:\\\/\\\/www.ponyanddogtrip.nl\\\/#website\"},\"datePublished\":\"2014-04-09T14:16:26+00:00\",\"dateModified\":\"2014-04-09T14:24:43+00:00\",\"breadcrumb\":{\"@id\":\"https:\\\/\\\/www.ponyanddogtrip.nl\\\/nb\\\/a-gjore-liste\\\/#breadcrumb\"},\"inLanguage\":\"nb-NO\",\"potentialAction\":[{\"@type\":\"ReadAction\",\"target\":[\"https:\\\/\\\/www.ponyanddogtrip.nl\\\/nb\\\/a-gjore-liste\\\/\"]}]},{\"@type\":\"BreadcrumbList\",\"@id\":\"https:\\\/\\\/www.ponyanddogtrip.nl\\\/nb\\\/a-gjore-liste\\\/#breadcrumb\",\"itemListElement\":[{\"@type\":\"ListItem\",\"position\":1,\"name\":\"Home\",\"item\":\"https:\\\/\\\/www.ponyanddogtrip.nl\\\/\"},{\"@type\":\"ListItem\",\"position\":2,\"name\":\"\u00c5 gj\u00f8re-liste\"}]},{\"@type\":\"WebSite\",\"@id\":\"https:\\\/\\\/www.ponyanddogtrip.nl\\\/#website\",\"url\":\"https:\\\/\\\/www.ponyanddogtrip.nl\\\/\",\"name\":\"Pony and dog trip europe\",\"description\":\"Harrie Huijben pony en hond\",\"potentialAction\":[{\"@type\":\"SearchAction\",\"target\":{\"@type\":\"EntryPoint\",\"urlTemplate\":\"https:\\\/\\\/www.ponyanddogtrip.nl\\\/?s={search_term_string}\"},\"query-input\":{\"@type\":\"PropertyValueSpecification\",\"valueRequired\":true,\"valueName\":\"search_term_string\"}}],\"inLanguage\":\"nb-NO\"}]}<\/script>\n<!-- \/ Yoast SEO plugin. -->","yoast_head_json":{"title":"\u00c5 gj\u00f8re-liste - Pony and dog trip europe","robots":{"index":"index","follow":"follow","max-snippet":"max-snippet:-1","max-image-preview":"max-image-preview:large","max-video-preview":"max-video-preview:-1"},"canonical":"https:\/\/www.ponyanddogtrip.nl\/nb\/a-gjore-liste\/","og_locale":"nb_NO","og_type":"article","og_title":"\u00c5 gj\u00f8re-liste - Pony and dog trip europe","og_description":"Perfeksjonering av ruten Kart\/ guideb\u00f8ker, gps. Finne overnattings-\/ hvileplasser: kampingplasser, `gites rurales`, rideskuler, mm. Kommunikasjonsmidler; mobil, I-Pad, Spot X Materiale: &#8211;\u00a0\u00a0\u00a0\u00a0\u00a0\u00a0\u00a0\u00a0\u00a0 Til meg: telt, sovepose, kl\u00e6r (\u00e5 holde varmen og regnkl\u00e6r), sko. &#8211;\u00a0\u00a0\u00a0\u00a0\u00a0\u00a0\u00a0\u00a0\u00a0 Til hunden: matsk\u00e5l, teletact, b\u00e5nd, jakke, munnkurv, potesokker, f\u00f2r, vaksiner. &#8211;\u00a0\u00a0\u00a0\u00a0\u00a0\u00a0\u00a0\u00a0\u00a0 Til hesten: kl\u00f8vutstyr (sele, vanntette sekker), langt tau og spiral \u00e5&nbsp;","og_url":"https:\/\/www.ponyanddogtrip.nl\/nb\/a-gjore-liste\/","og_site_name":"Pony and dog trip europe","article_modified_time":"2014-04-09T14:24:43+00:00","twitter_misc":{"Ansl. lesetid":"1 minutt"},"schema":{"@context":"https:\/\/schema.org","@graph":[{"@type":"WebPage","@id":"https:\/\/www.ponyanddogtrip.nl\/nb\/a-gjore-liste\/","url":"https:\/\/www.ponyanddogtrip.nl\/nb\/a-gjore-liste\/","name":"\u00c5 gj\u00f8re-liste - Pony and dog trip europe","isPartOf":{"@id":"https:\/\/www.ponyanddogtrip.nl\/#website"},"datePublished":"2014-04-09T14:16:26+00:00","dateModified":"2014-04-09T14:24:43+00:00","breadcrumb":{"@id":"https:\/\/www.ponyanddogtrip.nl\/nb\/a-gjore-liste\/#breadcrumb"},"inLanguage":"nb-NO","potentialAction":[{"@type":"ReadAction","target":["https:\/\/www.ponyanddogtrip.nl\/nb\/a-gjore-liste\/"]}]},{"@type":"BreadcrumbList","@id":"https:\/\/www.ponyanddogtrip.nl\/nb\/a-gjore-liste\/#breadcrumb","itemListElement":[{"@type":"ListItem","position":1,"name":"Home","item":"https:\/\/www.ponyanddogtrip.nl\/"},{"@type":"ListItem","position":2,"name":"\u00c5 gj\u00f8re-liste"}]},{"@type":"WebSite","@id":"https:\/\/www.ponyanddogtrip.nl\/#website","url":"https:\/\/www.ponyanddogtrip.nl\/","name":"Pony and dog trip europe","description":"Harrie Huijben pony en hond","potentialAction":[{"@type":"SearchAction","target":{"@type":"EntryPoint","urlTemplate":"https:\/\/www.ponyanddogtrip.nl\/?s={search_term_string}"},"query-input":{"@type":"PropertyValueSpecification","valueRequired":true,"valueName":"search_term_string"}}],"inLanguage":"nb-NO"}]}},"_links":{"self":[{"href":"https:\/\/www.ponyanddogtrip.nl\/nb\/wp-json\/wp\/v2\/pages\/229","targetHints":{"allow":["GET"]}}],"collection":[{"href":"https:\/\/www.ponyanddogtrip.nl\/nb\/wp-json\/wp\/v2\/pages"}],"about":[{"href":"https:\/\/www.ponyanddogtrip.nl\/nb\/wp-json\/wp\/v2\/types\/page"}],"author":[{"embeddable":true,"href":"https:\/\/www.ponyanddogtrip.nl\/nb\/wp-json\/wp\/v2\/users\/5"}],"replies":[{"embeddable":true,"href":"https:\/\/www.ponyanddogtrip.nl\/nb\/wp-json\/wp\/v2\/comments?post=229"}],"version-history":[{"count":0,"href":"https:\/\/www.ponyanddogtrip.nl\/nb\/wp-json\/wp\/v2\/pages\/229\/revisions"}],"wp:attachment":[{"href":"https:\/\/www.ponyanddogtrip.nl\/nb\/wp-json\/wp\/v2\/media?parent=229"}],"curies":[{"name":"wp","href":"https:\/\/api.w.org\/{rel}","templated":true}]}}