{"id":1184,"date":"2014-06-21T12:36:57","date_gmt":"2014-06-21T11:36:57","guid":{"rendered":"http:\/\/www.ponyanddogtrip.com\/?page_id=1184"},"modified":"2014-06-26T18:42:00","modified_gmt":"2014-06-26T17:42:00","slug":"route-calendre","status":"publish","type":"page","link":"https:\/\/www.ponyanddogtrip.nl\/fr\/route-calendre\/","title":{"rendered":"Itin\u00e9raire calendre"},"content":{"rendered":"<p>Pays Bas\u00a0depart\u00a0\u00a015 oct. 2014\u00a0avec remorque de\u00a0Vijlen\u00a0\u00e0 Tarifa\u00a0dans le sud d&rsquo;\u00a0Espagne<\/p>\n<p>Tarifa\u00a0\u00a020 okt. 2014<\/p>\n<p>Sevilla\u00a0\u00a028 okt. 2014<\/p>\n<p>Merida 6 nov. 2014<\/p>\n<p>Caceres\u00a012 nov. 2014<\/p>\n<p>Salamanca 20 nov. 2014<\/p>\n<p>Zamora 22 nov. 2014<\/p>\n<p>Granja de Moreruela 25 nov. 2014<\/p>\n<p>Astorga 4 dec. 2014<\/p>\n<p>Leon 6 dec. 2014<\/p>\n<p>Burgos 17 nov. 2014<\/p>\n<p>Pamplona 29 nov. 2014<\/p>\n<p>&nbsp;<\/p>\n<p>&nbsp;<\/p>\n<p>\u2014\u2014\u2014\u2014\u2014\u2014\u2014\u2014\u2014\u2014\u2014\u2014-<\/p>\n<p>La France<\/p>\n<p>St. Jean Pied de Port\u00a024 dec. 2014<\/p>\n<p>Rocquefort 30 dec. 2014<\/p>\n<p>P\u00e9rigueux 7 jan. 2015<\/p>\n<p>Vezelay\u00a0 31 jan. 2015<\/p>\n<p>Rocroix\u00a0 15 f\u00e9vr.. 2015<\/p>\n<p>&#8212;&#8212;&#8212;&#8212;&#8212;&#8212;&#8212;&#8212;&#8212;&#8212;&#8212;&#8212;<\/p>\n<p>Pays: La Belgique<\/p>\n<p>Namur\u00a0 27 f\u00e9vr. 2015<\/p>\n<p>&#8212;&#8212;&#8212;&#8212;&#8212;&#8212;&#8212;&#8212;&#8212;&#8212;&#8212;&#8211;<\/p>\n<p>Pays: Allemagne:<\/p>\n<p>Aix la Chapelle\u00a06\u00a0mars 2015<\/p>\n<p>&#8212;&#8212;&#8212;&#8212;&#8212;&#8212;&#8212;&#8212;&#8212;&#8212;&#8212;&#8211;<\/p>\n<p>Pays: Pays Bas:<\/p>\n<p>Vijlen 7\u00a0mars 2015 \u00a02 semaines des vacances. D\u00e9part\u00a0Vijlen 21 mars 2015<\/p>\n<p>Groesbeek 28 mars 2015<\/p>\n<p>Holten 1 avril 2015<\/p>\n<p>Oldenzaal 4 avril 2015<\/p>\n<p>&#8212;&#8212;&#8212;&#8212;&#8212;&#8212;&#8212;&#8212;&#8212;&#8212;<\/p>\n<p>Pays Allemagne<\/p>\n<p>Oldenzaal \u2013 Osnabruck (\u00a0T\u00f6ddenweg)\u00a0\u00a0\u00a0\u00a0\u00a0\u00a0\u00a0\u00a0\u00a0\u00a0\u00a0\u00a0\u00a0\u00a0\u00a0\u00a0\u00a0\u00a0\u00a0\u00a0\u00a0\u00a0\u00a0\u00a0\u00a0\u00a0\u00a0\u00a0\u00a0 \u00a010 avril 2015<\/p>\n<p>Osnabr\u00fcck\u2013 Porta Westfalica (\u00a0Wittekindsweg)\u00a0 95 km 13 avril 2015<\/p>\n<p>Portawestfalica &#8211; Hameln (Wesergebirgsweg 51,2 km)\u00a0 \u00a015 avril 2015<\/p>\n<p>Hameln &#8211; Springe &#8211; Hamburg\/Blankenese (E1) 324 km: 28 avril 2015<\/p>\n<p>\u2014\u2014\u2014\u2014\u2014\u2014\u2014\u2014\u2014\u2014\u2013<\/p>\n<p>Pays\u00a0Danemark<\/p>\n<p>Flensburg 9 mai 2015<\/p>\n<p>\u00c5rhus\u00a0\u00a0\u00a0\u00a0\u00a0 \u00a0 6 mai 2015<\/p>\n<p>Grenaa\u00a0\u00a0\u00a0\u00a0 24 mai 2015<\/p>\n<p>\u2014\u2014\u2014\u2014\u2014\u2014\u2014\u2014\u2014\u2014\u2013<\/p>\n<p>Pays\u00a0Su\u00e8de<\/p>\n<p>Hallandsleden 77 km\u00a0de Varburg\u00a0\u00e0 Bl\u00e5v\u00e4ttnerna<\/p>\n<p>Varburg\u00a0\u00a0\u00a0\u00a0\u00a0\u00a0\u00a0 31 mai 2015<\/p>\n<p>Bl\u00e5v\u00e4ttnerna 4 juin 2015<\/p>\n<p>Goteburg\u00a0\u00a0\u00a0\u00a0\u00a0\u00a0\u00a0 5 juin 2015<\/p>\n<p>Route Goteburg\u00a0to Stromstad\u00a0pr\u00e8s de\u00a0Halden: BOHUSleden<\/p>\n<p>Str\u00f6mstad\u00a0\u00a0\u00a0\u00a0 18 juin 2015<\/p>\n<p>\u2014\u2014\u2014\u2014\u2014\u2014\u2014\u2014\u2014\u2014\u2014\u2014-<\/p>\n<p>Pays\u00a0Norv\u00e8ge<\/p>\n<p>Skjetten (pr\u00e8s de\u00a0Oslo)120 km 23 juin 2015<\/p>\n<p>Lillehammer\u00a0\u00a0\u00a0\u00a0\u00a0\u00a0\u00a0\u00a0\u00a0\u00a0\u00a0\u00a0\u00a0\u00a0\u00a0\u00a0\u00a0\u00a0\u00a0 \u00a0\u00a0\u00a0\u00a0\u00a0\u00a0\u00a0\u00a0\u00a0\u00a0\u00a0\u00a0\u00a0\u00a0 1 july 2015<\/p>\n<p>Otta\u00a0\u00a0\u00a0\u00a0\u00a0\u00a0\u00a0\u00a0\u00a0\u00a0\u00a0\u00a0\u00a0\u00a0\u00a0\u00a0\u00a0\u00a0\u00a0\u00a0\u00a0\u00a0\u00a0\u00a0\u00a0\u00a0\u00a0\u00a0\u00a0\u00a0\u00a0\u00a0\u00a0\u00a0\u00a0\u00a0\u00a0\u00a0\u00a0 \u00a0\u00a0\u00a0\u00a0\u00a0\u00a0\u00a0\u00a0\u00a0\u00a0 6 july 2015<\/p>\n<p>Oppdal\u00a0\u00a0\u00a0\u00a0\u00a0\u00a0\u00a0\u00a0\u00a0\u00a0\u00a0\u00a0\u00a0\u00a0\u00a0\u00a0\u00a0\u00a0\u00a0\u00a0\u00a0\u00a0\u00a0\u00a0\u00a0\u00a0\u00a0\u00a0\u00a0\u00a0\u00a0\u00a0\u00a0\u00a0 \u00a0\u00a0\u00a0\u00a0\u00a0\u00a0\u00a0\u00a0\u00a015 july 2015<\/p>\n<p>Trondheim\u00a0\u00a0\u00a0\u00a0\u00a0\u00a0\u00a0\u00a0\u00a0\u00a0\u00a0\u00a0\u00a0\u00a0\u00a0\u00a0\u00a0\u00a0\u00a0\u00a0\u00a0\u00a0\u00a0\u00a0\u00a0\u00a0\u00a0\u00a0 \u00a0\u00a0\u00a0\u00a0\u00a0\u00a0\u00a0 21 july 2015<\/p>\n<p>\u2014\u2014\u2014\u2014\u2014\u2014\u2014\u2014\u2014\u2014\u2014\u2014<\/p>\n<p>Pays\u00a0Su\u00e8de<\/p>\n<p>Hemavan (start of\u00a0Kungsleden) 6 aug. 2015<\/p>\n<p>Ammarn\u00e4s\u00a0\u00a0\u00a0\u00a0\u00a0\u00a0\u00a0\u00a0\u00a0\u00a0\u00a0\u00a0\u00a0\u00a0\u00a0\u00a0\u00a0\u00a0\u00a0\u00a0\u00a0\u00a0\u00a0\u00a0\u00a0\u00a0\u00a0\u00a0\u00a0\u00a0\u00a0\u00a0 \u00a0 \u00a012 aug. 2015<\/p>\n<p>J\u00e4kkvik\u00a0\u00a0\u00a0\u00a0\u00a0\u00a0\u00a0\u00a0\u00a0\u00a0\u00a0\u00a0\u00a0\u00a0\u00a0\u00a0\u00a0\u00a0\u00a0\u00a0\u00a0\u00a0\u00a0\u00a0\u00a0\u00a0\u00a0\u00a0\u00a0\u00a0\u00a0\u00a0\u00a0\u00a0\u00a0\u00a0\u00a0 \u00a0\u00a0 \u00a019 aug. 2015<\/p>\n<p>Kvikkjokk\u00a0\u00a0\u00a0\u00a0\u00a0\u00a0\u00a0\u00a0\u00a0\u00a0\u00a0\u00a0\u00a0\u00a0\u00a0\u00a0\u00a0\u00a0\u00a0\u00a0\u00a0\u00a0\u00a0\u00a0\u00a0\u00a0\u00a0\u00a0\u00a0\u00a0 \u00a0\u00a0\u00a0\u00a0\u00a0 25 aug. 2015<\/p>\n<p>Saltoluokta\u00a0\u00a0\u00a0\u00a0\u00a0\u00a0\u00a0\u00a0\u00a0\u00a0\u00a0\u00a0\u00a0\u00a0\u00a0\u00a0\u00a0\u00a0\u00a0\u00a0\u00a0\u00a0\u00a0\u00a0\u00a0\u00a0\u00a0\u00a0 \u00a0\u00a0\u00a0\u00a0\u00a0\u00a0 \u00a01 sept. 2015<\/p>\n<p>Abisko\u00a0\u00a0\u00a0\u00a0\u00a0\u00a0\u00a0\u00a0\u00a0\u00a0\u00a0\u00a0\u00a0\u00a0\u00a0\u00a0\u00a0\u00a0\u00a0\u00a0\u00a0\u00a0\u00a0\u00a0\u00a0\u00a0\u00a0\u00a0\u00a0\u00a0\u00a0\u00a0\u00a0\u00a0\u00a0 \u00a0\u00a0\u00a0\u00a0\u00a0\u00a0\u00a0 \u00a08 sept. 2015<\/p>\n<p>Abisko \u2013 Kautokeino 374 km (Nordkalottleden\/nordkalottruta )<\/p>\n<p>\u2014\u2014\u2014\u2014\u2014\u2014\u2014\u2014\u2014\u2014\u2014\u2014\u2014\u2014\u2014\u2014\u2014\u2013<\/p>\n<p>Pays Finlande<\/p>\n<p>Treriksr\u00f6ysa\u00a0\u00a0\u00a0\u00a0\u00a0\u00a0\u00a0\u00a0\u00a0\u00a0\u00a0\u00a0\u00a0\u00a0\u00a0\u00a0\u00a0\u00a0\u00a0\u00a0\u00a0\u00a0\u00a0\u00a0\u00a0\u00a0\u00a0\u00a0 \u00a0\u00a0\u00a0\u00a0 16 sept. 2015<\/p>\n<p>Treriksr\u00f6ya \u2013 Kilpisj\u00e4rvi 15 km ou 10 km\u00a0par bateau<strong>:\u00a0<\/strong>18 sept. 2015<\/p>\n<p>&#8212;&#8212;&#8212;&#8212;&#8212;&#8212;&#8212;&#8212;&#8212;&#8212;&#8212;&#8212;&#8212;-<\/p>\n<p>Pays\u00a0Norv\u00e8ge<\/p>\n<p>Kautokeino\u00a0\u00a0\u00a0\u00a0\u00a0\u00a0\u00a0\u00a0\u00a0\u00a0\u00a0\u00a0\u00a0\u00a0\u00a0\u00a0\u00a0\u00a0\u00a0\u00a0\u00a0\u00a0\u00a0\u00a0\u00a0\u00a0\u00a0\u00a0\u00a0\u00a0\u00a0\u00a0\u00a0\u00a0\u00a0\u00a0\u00a02 oct. 2015<\/p>\n<p>Cape Norde\u00a0\u00a0\u00a0\u00a0\u00a0\u00a0\u00a0\u00a0\u00a0\u00a0\u00a0\u00a0\u00a0\u00a0\u00a0\u00a0\u00a0\u00a0\u00a0\u00a0\u00a0\u00a0\u00a0\u00a0\u00a0\u00a0\u00a0\u00a0\u00a0\u00a0\u00a0\u00a0\u00a0\u00a0\u00a018 oct. 2015<\/p>\n<p>&nbsp;<\/p>\n<p>&nbsp;<\/p>\n","protected":false},"excerpt":{"rendered":"<p>Pays Bas\u00a0depart\u00a0\u00a015 oct. 2014\u00a0avec remorque de\u00a0Vijlen\u00a0\u00e0 Tarifa\u00a0dans le sud d&rsquo;\u00a0Espagne Tarifa\u00a0\u00a020 okt. 2014 Sevilla\u00a0\u00a028 okt. 2014 Merida 6 nov. 2014 Caceres\u00a012 nov. 2014 Salamanca 20 nov. 2014 Zamora 22 nov. 2014 Granja de Moreruela 25 nov. 2014 Astorga 4 dec. 2014 Leon 6 dec. 2014 Burgos 17 nov. 2014 Pamplona 29 nov. 2014 &nbsp; &nbsp;&nbsp;<a href=\"https:\/\/www.ponyanddogtrip.nl\/fr\/route-calendre\/\"><i class=\"fa fa-long-arrow-right\"><\/i><\/a><\/p>\n","protected":false},"author":3,"featured_media":0,"parent":0,"menu_order":0,"comment_status":"open","ping_status":"open","template":"","meta":{"ngg_post_thumbnail":0,"footnotes":""},"class_list":["post-1184","page","type-page","status-publish","hentry","entry"],"yoast_head":"<!-- This site is optimized with the Yoast SEO plugin v27.4 - https:\/\/yoast.com\/product\/yoast-seo-wordpress\/ -->\n<title>Itin\u00e9raire calendre - Pony and dog trip europe<\/title>\n<meta name=\"robots\" content=\"index, follow, max-snippet:-1, max-image-preview:large, max-video-preview:-1\" \/>\n<link rel=\"canonical\" href=\"https:\/\/www.ponyanddogtrip.nl\/fr\/route-calendre\/\" \/>\n<meta property=\"og:locale\" content=\"fr_FR\" \/>\n<meta property=\"og:type\" content=\"article\" \/>\n<meta property=\"og:title\" content=\"Itin\u00e9raire calendre - Pony and dog trip europe\" \/>\n<meta property=\"og:description\" content=\"Pays Bas\u00a0depart\u00a0\u00a015 oct. 2014\u00a0avec remorque de\u00a0Vijlen\u00a0\u00e0 Tarifa\u00a0dans le sud d&rsquo;\u00a0Espagne Tarifa\u00a0\u00a020 okt. 2014 Sevilla\u00a0\u00a028 okt. 2014 Merida 6 nov. 2014 Caceres\u00a012 nov. 2014 Salamanca 20 nov. 2014 Zamora 22 nov. 2014 Granja de Moreruela 25 nov. 2014 Astorga 4 dec. 2014 Leon 6 dec. 2014 Burgos 17 nov. 2014 Pamplona 29 nov. 2014 &nbsp; &nbsp;&nbsp;\" \/>\n<meta property=\"og:url\" content=\"https:\/\/www.ponyanddogtrip.nl\/fr\/route-calendre\/\" \/>\n<meta property=\"og:site_name\" content=\"Pony and dog trip europe\" \/>\n<meta property=\"article:modified_time\" content=\"2014-06-26T17:42:00+00:00\" \/>\n<meta name=\"twitter:label1\" content=\"Dur\u00e9e de lecture estim\u00e9e\" \/>\n\t<meta name=\"twitter:data1\" content=\"1 minute\" \/>\n<script type=\"application\/ld+json\" class=\"yoast-schema-graph\">{\"@context\":\"https:\\\/\\\/schema.org\",\"@graph\":[{\"@type\":\"WebPage\",\"@id\":\"https:\\\/\\\/www.ponyanddogtrip.nl\\\/fr\\\/route-calendre\\\/\",\"url\":\"https:\\\/\\\/www.ponyanddogtrip.nl\\\/fr\\\/route-calendre\\\/\",\"name\":\"Itin\u00e9raire calendre - Pony and dog trip europe\",\"isPartOf\":{\"@id\":\"https:\\\/\\\/www.ponyanddogtrip.nl\\\/#website\"},\"datePublished\":\"2014-06-21T11:36:57+00:00\",\"dateModified\":\"2014-06-26T17:42:00+00:00\",\"breadcrumb\":{\"@id\":\"https:\\\/\\\/www.ponyanddogtrip.nl\\\/fr\\\/route-calendre\\\/#breadcrumb\"},\"inLanguage\":\"fr-FR\",\"potentialAction\":[{\"@type\":\"ReadAction\",\"target\":[\"https:\\\/\\\/www.ponyanddogtrip.nl\\\/fr\\\/route-calendre\\\/\"]}]},{\"@type\":\"BreadcrumbList\",\"@id\":\"https:\\\/\\\/www.ponyanddogtrip.nl\\\/fr\\\/route-calendre\\\/#breadcrumb\",\"itemListElement\":[{\"@type\":\"ListItem\",\"position\":1,\"name\":\"Home\",\"item\":\"https:\\\/\\\/www.ponyanddogtrip.nl\\\/\"},{\"@type\":\"ListItem\",\"position\":2,\"name\":\"Itin\u00e9raire calendre\"}]},{\"@type\":\"WebSite\",\"@id\":\"https:\\\/\\\/www.ponyanddogtrip.nl\\\/#website\",\"url\":\"https:\\\/\\\/www.ponyanddogtrip.nl\\\/\",\"name\":\"Pony and dog trip europe\",\"description\":\"Harrie Huijben pony en hond\",\"potentialAction\":[{\"@type\":\"SearchAction\",\"target\":{\"@type\":\"EntryPoint\",\"urlTemplate\":\"https:\\\/\\\/www.ponyanddogtrip.nl\\\/?s={search_term_string}\"},\"query-input\":{\"@type\":\"PropertyValueSpecification\",\"valueRequired\":true,\"valueName\":\"search_term_string\"}}],\"inLanguage\":\"fr-FR\"}]}<\/script>\n<!-- \/ Yoast SEO plugin. -->","yoast_head_json":{"title":"Itin\u00e9raire calendre - Pony and dog trip europe","robots":{"index":"index","follow":"follow","max-snippet":"max-snippet:-1","max-image-preview":"max-image-preview:large","max-video-preview":"max-video-preview:-1"},"canonical":"https:\/\/www.ponyanddogtrip.nl\/fr\/route-calendre\/","og_locale":"fr_FR","og_type":"article","og_title":"Itin\u00e9raire calendre - Pony and dog trip europe","og_description":"Pays Bas\u00a0depart\u00a0\u00a015 oct. 2014\u00a0avec remorque de\u00a0Vijlen\u00a0\u00e0 Tarifa\u00a0dans le sud d&rsquo;\u00a0Espagne Tarifa\u00a0\u00a020 okt. 2014 Sevilla\u00a0\u00a028 okt. 2014 Merida 6 nov. 2014 Caceres\u00a012 nov. 2014 Salamanca 20 nov. 2014 Zamora 22 nov. 2014 Granja de Moreruela 25 nov. 2014 Astorga 4 dec. 2014 Leon 6 dec. 2014 Burgos 17 nov. 2014 Pamplona 29 nov. 2014 &nbsp; &nbsp;&nbsp;","og_url":"https:\/\/www.ponyanddogtrip.nl\/fr\/route-calendre\/","og_site_name":"Pony and dog trip europe","article_modified_time":"2014-06-26T17:42:00+00:00","twitter_misc":{"Dur\u00e9e de lecture estim\u00e9e":"1 minute"},"schema":{"@context":"https:\/\/schema.org","@graph":[{"@type":"WebPage","@id":"https:\/\/www.ponyanddogtrip.nl\/fr\/route-calendre\/","url":"https:\/\/www.ponyanddogtrip.nl\/fr\/route-calendre\/","name":"Itin\u00e9raire calendre - Pony and dog trip europe","isPartOf":{"@id":"https:\/\/www.ponyanddogtrip.nl\/#website"},"datePublished":"2014-06-21T11:36:57+00:00","dateModified":"2014-06-26T17:42:00+00:00","breadcrumb":{"@id":"https:\/\/www.ponyanddogtrip.nl\/fr\/route-calendre\/#breadcrumb"},"inLanguage":"fr-FR","potentialAction":[{"@type":"ReadAction","target":["https:\/\/www.ponyanddogtrip.nl\/fr\/route-calendre\/"]}]},{"@type":"BreadcrumbList","@id":"https:\/\/www.ponyanddogtrip.nl\/fr\/route-calendre\/#breadcrumb","itemListElement":[{"@type":"ListItem","position":1,"name":"Home","item":"https:\/\/www.ponyanddogtrip.nl\/"},{"@type":"ListItem","position":2,"name":"Itin\u00e9raire calendre"}]},{"@type":"WebSite","@id":"https:\/\/www.ponyanddogtrip.nl\/#website","url":"https:\/\/www.ponyanddogtrip.nl\/","name":"Pony and dog trip europe","description":"Harrie Huijben pony en hond","potentialAction":[{"@type":"SearchAction","target":{"@type":"EntryPoint","urlTemplate":"https:\/\/www.ponyanddogtrip.nl\/?s={search_term_string}"},"query-input":{"@type":"PropertyValueSpecification","valueRequired":true,"valueName":"search_term_string"}}],"inLanguage":"fr-FR"}]}},"_links":{"self":[{"href":"https:\/\/www.ponyanddogtrip.nl\/fr\/wp-json\/wp\/v2\/pages\/1184","targetHints":{"allow":["GET"]}}],"collection":[{"href":"https:\/\/www.ponyanddogtrip.nl\/fr\/wp-json\/wp\/v2\/pages"}],"about":[{"href":"https:\/\/www.ponyanddogtrip.nl\/fr\/wp-json\/wp\/v2\/types\/page"}],"author":[{"embeddable":true,"href":"https:\/\/www.ponyanddogtrip.nl\/fr\/wp-json\/wp\/v2\/users\/3"}],"replies":[{"embeddable":true,"href":"https:\/\/www.ponyanddogtrip.nl\/fr\/wp-json\/wp\/v2\/comments?post=1184"}],"version-history":[{"count":0,"href":"https:\/\/www.ponyanddogtrip.nl\/fr\/wp-json\/wp\/v2\/pages\/1184\/revisions"}],"wp:attachment":[{"href":"https:\/\/www.ponyanddogtrip.nl\/fr\/wp-json\/wp\/v2\/media?parent=1184"}],"curies":[{"name":"wp","href":"https:\/\/api.w.org\/{rel}","templated":true}]}}