{"id":1150,"date":"2014-06-18T17:10:23","date_gmt":"2014-06-18T16:10:23","guid":{"rendered":"http:\/\/www.ponyanddogtrip.com\/?page_id=1150"},"modified":"2014-06-29T20:20:24","modified_gmt":"2014-06-29T19:20:24","slug":"mama-alice-2","status":"publish","type":"page","link":"https:\/\/www.ponyanddogtrip.nl\/fr\/mama-alice-2\/","title":{"rendered":"Mama Alice"},"content":{"rendered":"<p>Mon expedition est li\u00e9 avec Mama Alice. C&rsquo;est une organisation, fond\u00e9 par Frederique Kallen qui est n\u00e9 dans mon region. Frederique s&rsquo;occupe des enfants qui vivent dans la rue en Peru. L\u2019organisation porte le nom de la mamma d\u00e9ced\u00e9 de Frederique: Alice.\u00a0Une de mes belles filles est d \u2018origine peruvienne. J&rsquo;ai vu une exposition de Frederique \u00e0 propos de son projet et ca m&rsquo;a donn\u00e9 envie de soutenir le projet de Mama Alice:\u00a0<a href=\"http:\/\/mce_host\/2010\/info@mamaalice.com\">info@mamaalice.com<\/a>\u00a0 \u00a0<a href=\"http:\/\/www.mamaalice.com\/\">www.mamaalice.com <\/a><\/p>\n","protected":false},"excerpt":{"rendered":"<p>Mon expedition est li\u00e9 avec Mama Alice. C&rsquo;est une organisation, fond\u00e9 par Frederique Kallen qui est n\u00e9 dans mon region. Frederique s&rsquo;occupe des enfants qui vivent dans la rue en Peru. L\u2019organisation porte le nom de la mamma d\u00e9ced\u00e9 de Frederique: Alice.\u00a0Une de mes belles filles est d \u2018origine peruvienne. J&rsquo;ai vu une exposition de&nbsp;<a href=\"https:\/\/www.ponyanddogtrip.nl\/fr\/mama-alice-2\/\"><i class=\"fa fa-long-arrow-right\"><\/i><\/a><\/p>\n","protected":false},"author":3,"featured_media":0,"parent":0,"menu_order":0,"comment_status":"open","ping_status":"closed","template":"","meta":{"ngg_post_thumbnail":0,"footnotes":""},"class_list":["post-1150","page","type-page","status-publish","hentry","entry","has-post-thumbnail"],"yoast_head":"<!-- This site is optimized with the Yoast SEO plugin v27.4 - https:\/\/yoast.com\/product\/yoast-seo-wordpress\/ -->\n<title>Mama Alice - Pony and dog trip europe<\/title>\n<meta name=\"robots\" content=\"index, follow, max-snippet:-1, max-image-preview:large, max-video-preview:-1\" \/>\n<link rel=\"canonical\" href=\"https:\/\/www.ponyanddogtrip.nl\/fr\/mama-alice-2\/\" \/>\n<meta property=\"og:locale\" content=\"fr_FR\" \/>\n<meta property=\"og:type\" content=\"article\" \/>\n<meta property=\"og:title\" content=\"Mama Alice - Pony and dog trip europe\" \/>\n<meta property=\"og:description\" content=\"Mon expedition est li\u00e9 avec Mama Alice. C&rsquo;est une organisation, fond\u00e9 par Frederique Kallen qui est n\u00e9 dans mon region. Frederique s&rsquo;occupe des enfants qui vivent dans la rue en Peru. L\u2019organisation porte le nom de la mamma d\u00e9ced\u00e9 de Frederique: Alice.\u00a0Une de mes belles filles est d \u2018origine peruvienne. J&rsquo;ai vu une exposition de&nbsp;\" \/>\n<meta property=\"og:url\" content=\"https:\/\/www.ponyanddogtrip.nl\/fr\/mama-alice-2\/\" \/>\n<meta property=\"og:site_name\" content=\"Pony and dog trip europe\" \/>\n<meta property=\"article:modified_time\" content=\"2014-06-29T19:20:24+00:00\" \/>\n<script type=\"application\/ld+json\" class=\"yoast-schema-graph\">{\"@context\":\"https:\\\/\\\/schema.org\",\"@graph\":[{\"@type\":\"WebPage\",\"@id\":\"https:\\\/\\\/www.ponyanddogtrip.nl\\\/fr\\\/mama-alice-2\\\/\",\"url\":\"https:\\\/\\\/www.ponyanddogtrip.nl\\\/fr\\\/mama-alice-2\\\/\",\"name\":\"Mama Alice - Pony and dog trip europe\",\"isPartOf\":{\"@id\":\"https:\\\/\\\/www.ponyanddogtrip.nl\\\/#website\"},\"datePublished\":\"2014-06-18T16:10:23+00:00\",\"dateModified\":\"2014-06-29T19:20:24+00:00\",\"breadcrumb\":{\"@id\":\"https:\\\/\\\/www.ponyanddogtrip.nl\\\/fr\\\/mama-alice-2\\\/#breadcrumb\"},\"inLanguage\":\"fr-FR\",\"potentialAction\":[{\"@type\":\"ReadAction\",\"target\":[\"https:\\\/\\\/www.ponyanddogtrip.nl\\\/fr\\\/mama-alice-2\\\/\"]}]},{\"@type\":\"BreadcrumbList\",\"@id\":\"https:\\\/\\\/www.ponyanddogtrip.nl\\\/fr\\\/mama-alice-2\\\/#breadcrumb\",\"itemListElement\":[{\"@type\":\"ListItem\",\"position\":1,\"name\":\"Home\",\"item\":\"https:\\\/\\\/www.ponyanddogtrip.nl\\\/\"},{\"@type\":\"ListItem\",\"position\":2,\"name\":\"Mama Alice\"}]},{\"@type\":\"WebSite\",\"@id\":\"https:\\\/\\\/www.ponyanddogtrip.nl\\\/#website\",\"url\":\"https:\\\/\\\/www.ponyanddogtrip.nl\\\/\",\"name\":\"Pony and dog trip europe\",\"description\":\"Harrie Huijben pony en hond\",\"potentialAction\":[{\"@type\":\"SearchAction\",\"target\":{\"@type\":\"EntryPoint\",\"urlTemplate\":\"https:\\\/\\\/www.ponyanddogtrip.nl\\\/?s={search_term_string}\"},\"query-input\":{\"@type\":\"PropertyValueSpecification\",\"valueRequired\":true,\"valueName\":\"search_term_string\"}}],\"inLanguage\":\"fr-FR\"}]}<\/script>\n<!-- \/ Yoast SEO plugin. -->","yoast_head_json":{"title":"Mama Alice - Pony and dog trip europe","robots":{"index":"index","follow":"follow","max-snippet":"max-snippet:-1","max-image-preview":"max-image-preview:large","max-video-preview":"max-video-preview:-1"},"canonical":"https:\/\/www.ponyanddogtrip.nl\/fr\/mama-alice-2\/","og_locale":"fr_FR","og_type":"article","og_title":"Mama Alice - Pony and dog trip europe","og_description":"Mon expedition est li\u00e9 avec Mama Alice. C&rsquo;est une organisation, fond\u00e9 par Frederique Kallen qui est n\u00e9 dans mon region. Frederique s&rsquo;occupe des enfants qui vivent dans la rue en Peru. L\u2019organisation porte le nom de la mamma d\u00e9ced\u00e9 de Frederique: Alice.\u00a0Une de mes belles filles est d \u2018origine peruvienne. J&rsquo;ai vu une exposition de&nbsp;","og_url":"https:\/\/www.ponyanddogtrip.nl\/fr\/mama-alice-2\/","og_site_name":"Pony and dog trip europe","article_modified_time":"2014-06-29T19:20:24+00:00","schema":{"@context":"https:\/\/schema.org","@graph":[{"@type":"WebPage","@id":"https:\/\/www.ponyanddogtrip.nl\/fr\/mama-alice-2\/","url":"https:\/\/www.ponyanddogtrip.nl\/fr\/mama-alice-2\/","name":"Mama Alice - Pony and dog trip europe","isPartOf":{"@id":"https:\/\/www.ponyanddogtrip.nl\/#website"},"datePublished":"2014-06-18T16:10:23+00:00","dateModified":"2014-06-29T19:20:24+00:00","breadcrumb":{"@id":"https:\/\/www.ponyanddogtrip.nl\/fr\/mama-alice-2\/#breadcrumb"},"inLanguage":"fr-FR","potentialAction":[{"@type":"ReadAction","target":["https:\/\/www.ponyanddogtrip.nl\/fr\/mama-alice-2\/"]}]},{"@type":"BreadcrumbList","@id":"https:\/\/www.ponyanddogtrip.nl\/fr\/mama-alice-2\/#breadcrumb","itemListElement":[{"@type":"ListItem","position":1,"name":"Home","item":"https:\/\/www.ponyanddogtrip.nl\/"},{"@type":"ListItem","position":2,"name":"Mama Alice"}]},{"@type":"WebSite","@id":"https:\/\/www.ponyanddogtrip.nl\/#website","url":"https:\/\/www.ponyanddogtrip.nl\/","name":"Pony and dog trip europe","description":"Harrie Huijben pony en hond","potentialAction":[{"@type":"SearchAction","target":{"@type":"EntryPoint","urlTemplate":"https:\/\/www.ponyanddogtrip.nl\/?s={search_term_string}"},"query-input":{"@type":"PropertyValueSpecification","valueRequired":true,"valueName":"search_term_string"}}],"inLanguage":"fr-FR"}]}},"_links":{"self":[{"href":"https:\/\/www.ponyanddogtrip.nl\/fr\/wp-json\/wp\/v2\/pages\/1150","targetHints":{"allow":["GET"]}}],"collection":[{"href":"https:\/\/www.ponyanddogtrip.nl\/fr\/wp-json\/wp\/v2\/pages"}],"about":[{"href":"https:\/\/www.ponyanddogtrip.nl\/fr\/wp-json\/wp\/v2\/types\/page"}],"author":[{"embeddable":true,"href":"https:\/\/www.ponyanddogtrip.nl\/fr\/wp-json\/wp\/v2\/users\/3"}],"replies":[{"embeddable":true,"href":"https:\/\/www.ponyanddogtrip.nl\/fr\/wp-json\/wp\/v2\/comments?post=1150"}],"version-history":[{"count":0,"href":"https:\/\/www.ponyanddogtrip.nl\/fr\/wp-json\/wp\/v2\/pages\/1150\/revisions"}],"wp:attachment":[{"href":"https:\/\/www.ponyanddogtrip.nl\/fr\/wp-json\/wp\/v2\/media?parent=1150"}],"curies":[{"name":"wp","href":"https:\/\/api.w.org\/{rel}","templated":true}]}}