{"id":1092,"date":"2014-06-12T13:11:53","date_gmt":"2014-06-12T12:11:53","guid":{"rendered":"http:\/\/www.ponyanddogtrip.com\/?page_id=1092"},"modified":"2014-06-12T13:11:53","modified_gmt":"2014-06-12T12:11:53","slug":"problemes-auxquels-il-faut-que-je-mattende","status":"publish","type":"page","link":"https:\/\/www.ponyanddogtrip.nl\/fr\/problemes-auxquels-il-faut-que-je-mattende\/","title":{"rendered":"Probl\u00e8mes auxquels il faut que je m\u2018attende"},"content":{"rendered":"<ul>\n<li>trouver mon chemin<\/li>\n<li>accorder suffisamment de pauses aux animaux<\/li>\n<li>trouver un endroit pour dormir, pour mes animaux et moi-m\u00eame<\/li>\n<li>trouver de la nourriture et de quoi boire pour mes animaux et moi-m\u00eame<\/li>\n<li>nourriture et habillement en cours de route<\/li>\n<li>parcourir suffisamment de kilom\u00e8tres pendant les journ\u00e9es hivernales<\/li>\n<li>possibilit\u00e9s de communication avec le monde ext\u00e9rieur<\/li>\n<li>difficult\u00e9s avec les animaux sur les itin\u00e9raires tr\u00e8s fr\u00e9quent\u00e9s<\/li>\n<li>le cheval doit apprendre \u00e0 traverser les fleuves, les ruisseaux, les mar\u00e9cages, les montagnes et les r\u00e9gions \u00e0 forte circulation<\/li>\n<li>le cheval pourrait s\u2019\u00e9chapper<\/li>\n<li>probl\u00e8mes pour les animaux: usure des sabots sur l\u2019asphalte et sur les terrains caillouteux<\/li>\n<li>mauvais comportement du cheval, par exemple, dans la circulation ou lorsqu\u2019il croise des chevaux dans les parcs naturels ou dans les p\u00e2turages<\/li>\n<li>mauvais comportement du chien lorsqu\u2019il croise des troupeaux de moutons, des poules, des chats ou d\u2019autres chiens<\/li>\n<li>mat\u00e9riel d\u00e9fectueux: \u00e9quipement des animaux, tente, v\u00eatements, chaussures<\/li>\n<li>solitude et mauvaises conditions m\u00e9t\u00e9orologiques; moustiques en Laponie<\/li>\n<li>\u00e9ventualit\u00e9 d\u2019un retour pr\u00e9cipit\u00e9 en cas de probl\u00e8mes<\/li>\n<\/ul>\n","protected":false},"excerpt":{"rendered":"<p>trouver mon chemin accorder suffisamment de pauses aux animaux trouver un endroit pour dormir, pour mes animaux et moi-m\u00eame trouver de la nourriture et de quoi boire pour mes animaux et moi-m\u00eame nourriture et habillement en cours de route parcourir suffisamment de kilom\u00e8tres pendant les journ\u00e9es hivernales possibilit\u00e9s de communication avec le monde ext\u00e9rieur difficult\u00e9s&nbsp;<a href=\"https:\/\/www.ponyanddogtrip.nl\/fr\/problemes-auxquels-il-faut-que-je-mattende\/\"><i class=\"fa fa-long-arrow-right\"><\/i><\/a><\/p>\n","protected":false},"author":5,"featured_media":0,"parent":0,"menu_order":0,"comment_status":"open","ping_status":"open","template":"","meta":{"ngg_post_thumbnail":0,"footnotes":""},"class_list":["post-1092","page","type-page","status-publish","hentry","entry"],"yoast_head":"<!-- This site is optimized with the Yoast SEO plugin v27.4 - https:\/\/yoast.com\/product\/yoast-seo-wordpress\/ -->\n<title>Probl\u00e8mes auxquels il faut que je m\u2018attende - Pony and dog trip europe<\/title>\n<meta name=\"robots\" content=\"index, follow, max-snippet:-1, max-image-preview:large, max-video-preview:-1\" \/>\n<link rel=\"canonical\" href=\"https:\/\/www.ponyanddogtrip.nl\/fr\/problemes-auxquels-il-faut-que-je-mattende\/\" \/>\n<meta property=\"og:locale\" content=\"fr_FR\" \/>\n<meta property=\"og:type\" content=\"article\" \/>\n<meta property=\"og:title\" content=\"Probl\u00e8mes auxquels il faut que je m\u2018attende - Pony and dog trip europe\" \/>\n<meta property=\"og:description\" content=\"trouver mon chemin accorder suffisamment de pauses aux animaux trouver un endroit pour dormir, pour mes animaux et moi-m\u00eame trouver de la nourriture et de quoi boire pour mes animaux et moi-m\u00eame nourriture et habillement en cours de route parcourir suffisamment de kilom\u00e8tres pendant les journ\u00e9es hivernales possibilit\u00e9s de communication avec le monde ext\u00e9rieur difficult\u00e9s&nbsp;\" \/>\n<meta property=\"og:url\" content=\"https:\/\/www.ponyanddogtrip.nl\/fr\/problemes-auxquels-il-faut-que-je-mattende\/\" \/>\n<meta property=\"og:site_name\" content=\"Pony and dog trip europe\" \/>\n<meta name=\"twitter:label1\" content=\"Dur\u00e9e de lecture estim\u00e9e\" \/>\n\t<meta name=\"twitter:data1\" content=\"1 minute\" \/>\n<script type=\"application\/ld+json\" class=\"yoast-schema-graph\">{\"@context\":\"https:\\\/\\\/schema.org\",\"@graph\":[{\"@type\":\"WebPage\",\"@id\":\"https:\\\/\\\/www.ponyanddogtrip.nl\\\/fr\\\/problemes-auxquels-il-faut-que-je-mattende\\\/\",\"url\":\"https:\\\/\\\/www.ponyanddogtrip.nl\\\/fr\\\/problemes-auxquels-il-faut-que-je-mattende\\\/\",\"name\":\"Probl\u00e8mes auxquels il faut que je m\u2018attende - Pony and dog trip europe\",\"isPartOf\":{\"@id\":\"https:\\\/\\\/www.ponyanddogtrip.nl\\\/#website\"},\"datePublished\":\"2014-06-12T12:11:53+00:00\",\"breadcrumb\":{\"@id\":\"https:\\\/\\\/www.ponyanddogtrip.nl\\\/fr\\\/problemes-auxquels-il-faut-que-je-mattende\\\/#breadcrumb\"},\"inLanguage\":\"fr-FR\",\"potentialAction\":[{\"@type\":\"ReadAction\",\"target\":[\"https:\\\/\\\/www.ponyanddogtrip.nl\\\/fr\\\/problemes-auxquels-il-faut-que-je-mattende\\\/\"]}]},{\"@type\":\"BreadcrumbList\",\"@id\":\"https:\\\/\\\/www.ponyanddogtrip.nl\\\/fr\\\/problemes-auxquels-il-faut-que-je-mattende\\\/#breadcrumb\",\"itemListElement\":[{\"@type\":\"ListItem\",\"position\":1,\"name\":\"Home\",\"item\":\"https:\\\/\\\/www.ponyanddogtrip.nl\\\/\"},{\"@type\":\"ListItem\",\"position\":2,\"name\":\"Probl\u00e8mes auxquels il faut que je m\u2018attende\"}]},{\"@type\":\"WebSite\",\"@id\":\"https:\\\/\\\/www.ponyanddogtrip.nl\\\/#website\",\"url\":\"https:\\\/\\\/www.ponyanddogtrip.nl\\\/\",\"name\":\"Pony and dog trip europe\",\"description\":\"Harrie Huijben pony en hond\",\"potentialAction\":[{\"@type\":\"SearchAction\",\"target\":{\"@type\":\"EntryPoint\",\"urlTemplate\":\"https:\\\/\\\/www.ponyanddogtrip.nl\\\/?s={search_term_string}\"},\"query-input\":{\"@type\":\"PropertyValueSpecification\",\"valueRequired\":true,\"valueName\":\"search_term_string\"}}],\"inLanguage\":\"fr-FR\"}]}<\/script>\n<!-- \/ Yoast SEO plugin. -->","yoast_head_json":{"title":"Probl\u00e8mes auxquels il faut que je m\u2018attende - Pony and dog trip europe","robots":{"index":"index","follow":"follow","max-snippet":"max-snippet:-1","max-image-preview":"max-image-preview:large","max-video-preview":"max-video-preview:-1"},"canonical":"https:\/\/www.ponyanddogtrip.nl\/fr\/problemes-auxquels-il-faut-que-je-mattende\/","og_locale":"fr_FR","og_type":"article","og_title":"Probl\u00e8mes auxquels il faut que je m\u2018attende - Pony and dog trip europe","og_description":"trouver mon chemin accorder suffisamment de pauses aux animaux trouver un endroit pour dormir, pour mes animaux et moi-m\u00eame trouver de la nourriture et de quoi boire pour mes animaux et moi-m\u00eame nourriture et habillement en cours de route parcourir suffisamment de kilom\u00e8tres pendant les journ\u00e9es hivernales possibilit\u00e9s de communication avec le monde ext\u00e9rieur difficult\u00e9s&nbsp;","og_url":"https:\/\/www.ponyanddogtrip.nl\/fr\/problemes-auxquels-il-faut-que-je-mattende\/","og_site_name":"Pony and dog trip europe","twitter_misc":{"Dur\u00e9e de lecture estim\u00e9e":"1 minute"},"schema":{"@context":"https:\/\/schema.org","@graph":[{"@type":"WebPage","@id":"https:\/\/www.ponyanddogtrip.nl\/fr\/problemes-auxquels-il-faut-que-je-mattende\/","url":"https:\/\/www.ponyanddogtrip.nl\/fr\/problemes-auxquels-il-faut-que-je-mattende\/","name":"Probl\u00e8mes auxquels il faut que je m\u2018attende - Pony and dog trip europe","isPartOf":{"@id":"https:\/\/www.ponyanddogtrip.nl\/#website"},"datePublished":"2014-06-12T12:11:53+00:00","breadcrumb":{"@id":"https:\/\/www.ponyanddogtrip.nl\/fr\/problemes-auxquels-il-faut-que-je-mattende\/#breadcrumb"},"inLanguage":"fr-FR","potentialAction":[{"@type":"ReadAction","target":["https:\/\/www.ponyanddogtrip.nl\/fr\/problemes-auxquels-il-faut-que-je-mattende\/"]}]},{"@type":"BreadcrumbList","@id":"https:\/\/www.ponyanddogtrip.nl\/fr\/problemes-auxquels-il-faut-que-je-mattende\/#breadcrumb","itemListElement":[{"@type":"ListItem","position":1,"name":"Home","item":"https:\/\/www.ponyanddogtrip.nl\/"},{"@type":"ListItem","position":2,"name":"Probl\u00e8mes auxquels il faut que je m\u2018attende"}]},{"@type":"WebSite","@id":"https:\/\/www.ponyanddogtrip.nl\/#website","url":"https:\/\/www.ponyanddogtrip.nl\/","name":"Pony and dog trip europe","description":"Harrie Huijben pony en hond","potentialAction":[{"@type":"SearchAction","target":{"@type":"EntryPoint","urlTemplate":"https:\/\/www.ponyanddogtrip.nl\/?s={search_term_string}"},"query-input":{"@type":"PropertyValueSpecification","valueRequired":true,"valueName":"search_term_string"}}],"inLanguage":"fr-FR"}]}},"_links":{"self":[{"href":"https:\/\/www.ponyanddogtrip.nl\/fr\/wp-json\/wp\/v2\/pages\/1092","targetHints":{"allow":["GET"]}}],"collection":[{"href":"https:\/\/www.ponyanddogtrip.nl\/fr\/wp-json\/wp\/v2\/pages"}],"about":[{"href":"https:\/\/www.ponyanddogtrip.nl\/fr\/wp-json\/wp\/v2\/types\/page"}],"author":[{"embeddable":true,"href":"https:\/\/www.ponyanddogtrip.nl\/fr\/wp-json\/wp\/v2\/users\/5"}],"replies":[{"embeddable":true,"href":"https:\/\/www.ponyanddogtrip.nl\/fr\/wp-json\/wp\/v2\/comments?post=1092"}],"version-history":[{"count":0,"href":"https:\/\/www.ponyanddogtrip.nl\/fr\/wp-json\/wp\/v2\/pages\/1092\/revisions"}],"wp:attachment":[{"href":"https:\/\/www.ponyanddogtrip.nl\/fr\/wp-json\/wp\/v2\/media?parent=1092"}],"curies":[{"name":"wp","href":"https:\/\/api.w.org\/{rel}","templated":true}]}}