{"id":1089,"date":"2014-06-12T13:10:12","date_gmt":"2014-06-12T12:10:12","guid":{"rendered":"http:\/\/www.ponyanddogtrip.com\/?page_id=1089"},"modified":"2014-06-22T11:10:15","modified_gmt":"2014-06-22T10:10:15","slug":"itineraire","status":"publish","type":"page","link":"https:\/\/www.ponyanddogtrip.nl\/fr\/itineraire\/","title":{"rendered":"Itin\u00e9raire"},"content":{"rendered":"<!-- Nomad World Map - http:\/\/nomadworldmap.com --><div class=\"nwm-wrap\" ><div id=\"nwm-map-0\" class=\"nomad-world-map\" ><\/div><div class=\"nwm-destination-list\"><div class=\"nwm-back nwm-control\"><\/div><ul><\/ul><div class=\"nwm-forward nwm-control\"><\/div><\/div><\/div>\n<p>Je me prom\u00e8ne du sud au nord. Tarifa\u00a0en Espagne est\u00a0le d\u00e8but. Pour le trajet, je compte emprunter majoritairement les anciens itin\u00e9raires disponibles que sont la \u00ab\u00a0Via de la Plata\u00a0\u00bb en Espagne, les chemins de Saint Jacques de Compostelle au Nord de l\u2019Espagne et en France jusqu\u2019\u00e0 V\u00e9zelay, le sentier de Grande Randonn\u00e9e 654 de V\u00e9zelay \u00e0 Namur en Belgique. J\u2019emprunterai ensuite la \u00ab Via Mosana \u00bb jusqu\u2019\u00e0 Maastricht ou Aix-la-Chapelle, le sentier \u00ab Pieterpad \u00bb aux Pays-Bas, pour ensuite poursuivre en traversant le Nord de l\u2019Allemagne et y prendre\u00a0le Marskramerpad, Toddenweg\u00a0jusqu&rsquo;\u00e0 Osnabruck, Wittekindweg\u00a0jusqu&rsquo; \u00e0\u00a0Porta Westfalica,\u00a0ensuite le E1 route\u00a0par Hameln, Hamburg,\u00a0reliant Silkeborg \u00e0 Aarhus au Danemark, passerai par la \u00ab c\u00f4te du Bohusl\u00e4n et G\u00f6teborg \u00bb (Sud de la Su\u00e8de) en direction de Str\u00f6mstad pr\u00e8s de Halden, ensuite par le sentier \u00ab Olavsweg \u00bb en Norv\u00e8ge qui relie Oslo \u00e0 Trondheim, le sentier \u00ab S\u00f6dra Kungsleden \u00bb en Laponie pour traverser la Norv\u00e8ge, la Su\u00e8de et la Finlande jusqu\u2018\u00e0 Kautokeino. De Kautokeino, je poursuivrai en traversant la Norv\u00e8ge, jusqu\u2019au Cap Nord. Je travaille encore sur l\u2019itin\u00e9raire qui me permettra de relier Trondheim au sentier \u00ab Kungsleden \u00bb.<\/p>\n<p>Les centaines de kilom\u00e8tres \u00e0 travers la Laponie vont s\u00fbrement \u00eatre difficiles \u00e0 surmonter, ce notamment en raison des moustiques, du terrain difficile pour les chevaux (mar\u00e9cages, zones d\u2019eau), des paysages pierreux de montagne et des conditions m\u00e9t\u00e9orologiques tr\u00e8s changeantes.<\/p>\n<p>J&rsquo;\u00e9tablirai un calendrier pour les personnes qui souhaitent s&rsquo;inscrire pour effectuer, \u00e0 pied, en v\u00e9lo ou \u00e0 cheval, un \u00ab\u00a0tron\u00e7on partiel\u00a0\u00bb.<\/p>\n","protected":false},"excerpt":{"rendered":"<p>Je me prom\u00e8ne du sud au nord. Tarifa\u00a0en Espagne est\u00a0le d\u00e8but. Pour le trajet, je compte emprunter majoritairement les anciens itin\u00e9raires disponibles que sont la \u00ab\u00a0Via de la Plata\u00a0\u00bb en Espagne, les chemins de Saint Jacques de Compostelle au Nord de l\u2019Espagne et en France jusqu\u2019\u00e0 V\u00e9zelay, le sentier de Grande Randonn\u00e9e 654 de V\u00e9zelay&nbsp;<a href=\"https:\/\/www.ponyanddogtrip.nl\/fr\/itineraire\/\"><i class=\"fa fa-long-arrow-right\"><\/i><\/a><\/p>\n","protected":false},"author":5,"featured_media":0,"parent":0,"menu_order":0,"comment_status":"open","ping_status":"open","template":"","meta":{"ngg_post_thumbnail":0,"footnotes":""},"class_list":["post-1089","page","type-page","status-publish","hentry","entry"],"yoast_head":"<!-- This site is optimized with the Yoast SEO plugin v27.4 - https:\/\/yoast.com\/product\/yoast-seo-wordpress\/ -->\n<title>Itin\u00e9raire - Pony and dog trip europe<\/title>\n<meta name=\"robots\" content=\"index, follow, max-snippet:-1, max-image-preview:large, max-video-preview:-1\" \/>\n<link rel=\"canonical\" href=\"https:\/\/www.ponyanddogtrip.nl\/fr\/itineraire\/\" \/>\n<meta property=\"og:locale\" content=\"fr_FR\" \/>\n<meta property=\"og:type\" content=\"article\" \/>\n<meta property=\"og:title\" content=\"Itin\u00e9raire - Pony and dog trip europe\" \/>\n<meta property=\"og:description\" content=\"Je me prom\u00e8ne du sud au nord. Tarifa\u00a0en Espagne est\u00a0le d\u00e8but. Pour le trajet, je compte emprunter majoritairement les anciens itin\u00e9raires disponibles que sont la \u00ab\u00a0Via de la Plata\u00a0\u00bb en Espagne, les chemins de Saint Jacques de Compostelle au Nord de l\u2019Espagne et en France jusqu\u2019\u00e0 V\u00e9zelay, le sentier de Grande Randonn\u00e9e 654 de V\u00e9zelay&nbsp;\" \/>\n<meta property=\"og:url\" content=\"https:\/\/www.ponyanddogtrip.nl\/fr\/itineraire\/\" \/>\n<meta property=\"og:site_name\" content=\"Pony and dog trip europe\" \/>\n<meta property=\"article:modified_time\" content=\"2014-06-22T10:10:15+00:00\" \/>\n<meta name=\"twitter:label1\" content=\"Dur\u00e9e de lecture estim\u00e9e\" \/>\n\t<meta name=\"twitter:data1\" content=\"1 minute\" \/>\n<script type=\"application\/ld+json\" class=\"yoast-schema-graph\">{\"@context\":\"https:\\\/\\\/schema.org\",\"@graph\":[{\"@type\":\"WebPage\",\"@id\":\"https:\\\/\\\/www.ponyanddogtrip.nl\\\/fr\\\/itineraire\\\/\",\"url\":\"https:\\\/\\\/www.ponyanddogtrip.nl\\\/fr\\\/itineraire\\\/\",\"name\":\"Itin\u00e9raire - Pony and dog trip europe\",\"isPartOf\":{\"@id\":\"https:\\\/\\\/www.ponyanddogtrip.nl\\\/#website\"},\"datePublished\":\"2014-06-12T12:10:12+00:00\",\"dateModified\":\"2014-06-22T10:10:15+00:00\",\"breadcrumb\":{\"@id\":\"https:\\\/\\\/www.ponyanddogtrip.nl\\\/fr\\\/itineraire\\\/#breadcrumb\"},\"inLanguage\":\"fr-FR\",\"potentialAction\":[{\"@type\":\"ReadAction\",\"target\":[\"https:\\\/\\\/www.ponyanddogtrip.nl\\\/fr\\\/itineraire\\\/\"]}]},{\"@type\":\"BreadcrumbList\",\"@id\":\"https:\\\/\\\/www.ponyanddogtrip.nl\\\/fr\\\/itineraire\\\/#breadcrumb\",\"itemListElement\":[{\"@type\":\"ListItem\",\"position\":1,\"name\":\"Home\",\"item\":\"https:\\\/\\\/www.ponyanddogtrip.nl\\\/\"},{\"@type\":\"ListItem\",\"position\":2,\"name\":\"Itin\u00e9raire\"}]},{\"@type\":\"WebSite\",\"@id\":\"https:\\\/\\\/www.ponyanddogtrip.nl\\\/#website\",\"url\":\"https:\\\/\\\/www.ponyanddogtrip.nl\\\/\",\"name\":\"Pony and dog trip europe\",\"description\":\"Harrie Huijben pony en hond\",\"potentialAction\":[{\"@type\":\"SearchAction\",\"target\":{\"@type\":\"EntryPoint\",\"urlTemplate\":\"https:\\\/\\\/www.ponyanddogtrip.nl\\\/?s={search_term_string}\"},\"query-input\":{\"@type\":\"PropertyValueSpecification\",\"valueRequired\":true,\"valueName\":\"search_term_string\"}}],\"inLanguage\":\"fr-FR\"}]}<\/script>\n<!-- \/ Yoast SEO plugin. -->","yoast_head_json":{"title":"Itin\u00e9raire - Pony and dog trip europe","robots":{"index":"index","follow":"follow","max-snippet":"max-snippet:-1","max-image-preview":"max-image-preview:large","max-video-preview":"max-video-preview:-1"},"canonical":"https:\/\/www.ponyanddogtrip.nl\/fr\/itineraire\/","og_locale":"fr_FR","og_type":"article","og_title":"Itin\u00e9raire - Pony and dog trip europe","og_description":"Je me prom\u00e8ne du sud au nord. Tarifa\u00a0en Espagne est\u00a0le d\u00e8but. Pour le trajet, je compte emprunter majoritairement les anciens itin\u00e9raires disponibles que sont la \u00ab\u00a0Via de la Plata\u00a0\u00bb en Espagne, les chemins de Saint Jacques de Compostelle au Nord de l\u2019Espagne et en France jusqu\u2019\u00e0 V\u00e9zelay, le sentier de Grande Randonn\u00e9e 654 de V\u00e9zelay&nbsp;","og_url":"https:\/\/www.ponyanddogtrip.nl\/fr\/itineraire\/","og_site_name":"Pony and dog trip europe","article_modified_time":"2014-06-22T10:10:15+00:00","twitter_misc":{"Dur\u00e9e de lecture estim\u00e9e":"1 minute"},"schema":{"@context":"https:\/\/schema.org","@graph":[{"@type":"WebPage","@id":"https:\/\/www.ponyanddogtrip.nl\/fr\/itineraire\/","url":"https:\/\/www.ponyanddogtrip.nl\/fr\/itineraire\/","name":"Itin\u00e9raire - Pony and dog trip europe","isPartOf":{"@id":"https:\/\/www.ponyanddogtrip.nl\/#website"},"datePublished":"2014-06-12T12:10:12+00:00","dateModified":"2014-06-22T10:10:15+00:00","breadcrumb":{"@id":"https:\/\/www.ponyanddogtrip.nl\/fr\/itineraire\/#breadcrumb"},"inLanguage":"fr-FR","potentialAction":[{"@type":"ReadAction","target":["https:\/\/www.ponyanddogtrip.nl\/fr\/itineraire\/"]}]},{"@type":"BreadcrumbList","@id":"https:\/\/www.ponyanddogtrip.nl\/fr\/itineraire\/#breadcrumb","itemListElement":[{"@type":"ListItem","position":1,"name":"Home","item":"https:\/\/www.ponyanddogtrip.nl\/"},{"@type":"ListItem","position":2,"name":"Itin\u00e9raire"}]},{"@type":"WebSite","@id":"https:\/\/www.ponyanddogtrip.nl\/#website","url":"https:\/\/www.ponyanddogtrip.nl\/","name":"Pony and dog trip europe","description":"Harrie Huijben pony en hond","potentialAction":[{"@type":"SearchAction","target":{"@type":"EntryPoint","urlTemplate":"https:\/\/www.ponyanddogtrip.nl\/?s={search_term_string}"},"query-input":{"@type":"PropertyValueSpecification","valueRequired":true,"valueName":"search_term_string"}}],"inLanguage":"fr-FR"}]}},"_links":{"self":[{"href":"https:\/\/www.ponyanddogtrip.nl\/fr\/wp-json\/wp\/v2\/pages\/1089","targetHints":{"allow":["GET"]}}],"collection":[{"href":"https:\/\/www.ponyanddogtrip.nl\/fr\/wp-json\/wp\/v2\/pages"}],"about":[{"href":"https:\/\/www.ponyanddogtrip.nl\/fr\/wp-json\/wp\/v2\/types\/page"}],"author":[{"embeddable":true,"href":"https:\/\/www.ponyanddogtrip.nl\/fr\/wp-json\/wp\/v2\/users\/5"}],"replies":[{"embeddable":true,"href":"https:\/\/www.ponyanddogtrip.nl\/fr\/wp-json\/wp\/v2\/comments?post=1089"}],"version-history":[{"count":0,"href":"https:\/\/www.ponyanddogtrip.nl\/fr\/wp-json\/wp\/v2\/pages\/1089\/revisions"}],"wp:attachment":[{"href":"https:\/\/www.ponyanddogtrip.nl\/fr\/wp-json\/wp\/v2\/media?parent=1089"}],"curies":[{"name":"wp","href":"https:\/\/api.w.org\/{rel}","templated":true}]}}