{"id":1087,"date":"2014-06-12T13:09:27","date_gmt":"2014-06-12T12:09:27","guid":{"rendered":"http:\/\/www.ponyanddogtrip.com\/?page_id=1087"},"modified":"2014-06-12T13:09:27","modified_gmt":"2014-06-12T12:09:27","slug":"informations-concernant","status":"publish","type":"page","link":"https:\/\/www.ponyanddogtrip.nl\/fr\/informations-concernant\/","title":{"rendered":"Informations me concernant"},"content":{"rendered":"<p>Je suis n\u00e9 en 1951 \u00e0 Heerlen, dans le Limbourg m\u00e9ridional, aux Pays-Bas. Les animaux, la nature et les paysages m&rsquo;ont toujours fascin\u00e9. J\u2019ai toujours beaucoup aim\u00e9 et continue \u00e0 aimer les activit\u00e9s physiques ainsi que les sports qui se pratiquent en outdoor.<\/p>\n<p>Avant de devenir m\u00e9decin de famille dans un petit village, j\u2019envisageais d\u2019effectuer une formation dans le secteur de l\u2019\u00e9cologie.<\/p>\n<p>Mes quatre enfants sont ind\u00e9pendants depuis longtemps. A l\u2019approche de la fin de ma vie professionnelle, j\u2019ai comme intention de partir en randonn\u00e9e pour une ann\u00e9e en compagnie de mon chien Joep et de mon poney Luka qui me sert de moyen de transport pour mes bagages \u2013 je compte partir de l&rsquo;Espagne pour relier l\u2019extr\u00eame sud de l&rsquo;Europe jusqu&rsquo;au Cap\u00a0Nord, en Norv\u00e8ge, la r\u00e9gion la plus septentrionale de la Norv\u00e8ge.<\/p>\n","protected":false},"excerpt":{"rendered":"<p>Je suis n\u00e9 en 1951 \u00e0 Heerlen, dans le Limbourg m\u00e9ridional, aux Pays-Bas. Les animaux, la nature et les paysages m&rsquo;ont toujours fascin\u00e9. J\u2019ai toujours beaucoup aim\u00e9 et continue \u00e0 aimer les activit\u00e9s physiques ainsi que les sports qui se pratiquent en outdoor. Avant de devenir m\u00e9decin de famille dans un petit village, j\u2019envisageais d\u2019effectuer&nbsp;<a href=\"https:\/\/www.ponyanddogtrip.nl\/fr\/informations-concernant\/\"><i class=\"fa fa-long-arrow-right\"><\/i><\/a><\/p>\n","protected":false},"author":5,"featured_media":0,"parent":0,"menu_order":0,"comment_status":"open","ping_status":"open","template":"","meta":{"ngg_post_thumbnail":0,"footnotes":""},"class_list":["post-1087","page","type-page","status-publish","hentry","entry"],"yoast_head":"<!-- This site is optimized with the Yoast SEO plugin v27.4 - https:\/\/yoast.com\/product\/yoast-seo-wordpress\/ -->\n<title>Informations me concernant - Pony and dog trip europe<\/title>\n<meta name=\"robots\" content=\"index, follow, max-snippet:-1, max-image-preview:large, max-video-preview:-1\" \/>\n<link rel=\"canonical\" href=\"https:\/\/www.ponyanddogtrip.nl\/fr\/informations-concernant\/\" \/>\n<meta property=\"og:locale\" content=\"fr_FR\" \/>\n<meta property=\"og:type\" content=\"article\" \/>\n<meta property=\"og:title\" content=\"Informations me concernant - Pony and dog trip europe\" \/>\n<meta property=\"og:description\" content=\"Je suis n\u00e9 en 1951 \u00e0 Heerlen, dans le Limbourg m\u00e9ridional, aux Pays-Bas. Les animaux, la nature et les paysages m&rsquo;ont toujours fascin\u00e9. J\u2019ai toujours beaucoup aim\u00e9 et continue \u00e0 aimer les activit\u00e9s physiques ainsi que les sports qui se pratiquent en outdoor. Avant de devenir m\u00e9decin de famille dans un petit village, j\u2019envisageais d\u2019effectuer&nbsp;\" \/>\n<meta property=\"og:url\" content=\"https:\/\/www.ponyanddogtrip.nl\/fr\/informations-concernant\/\" \/>\n<meta property=\"og:site_name\" content=\"Pony and dog trip europe\" \/>\n<meta name=\"twitter:label1\" content=\"Dur\u00e9e de lecture estim\u00e9e\" \/>\n\t<meta name=\"twitter:data1\" content=\"1 minute\" \/>\n<script type=\"application\/ld+json\" class=\"yoast-schema-graph\">{\"@context\":\"https:\\\/\\\/schema.org\",\"@graph\":[{\"@type\":\"WebPage\",\"@id\":\"https:\\\/\\\/www.ponyanddogtrip.nl\\\/fr\\\/informations-concernant\\\/\",\"url\":\"https:\\\/\\\/www.ponyanddogtrip.nl\\\/fr\\\/informations-concernant\\\/\",\"name\":\"Informations me concernant - Pony and dog trip europe\",\"isPartOf\":{\"@id\":\"https:\\\/\\\/www.ponyanddogtrip.nl\\\/#website\"},\"datePublished\":\"2014-06-12T12:09:27+00:00\",\"breadcrumb\":{\"@id\":\"https:\\\/\\\/www.ponyanddogtrip.nl\\\/fr\\\/informations-concernant\\\/#breadcrumb\"},\"inLanguage\":\"fr-FR\",\"potentialAction\":[{\"@type\":\"ReadAction\",\"target\":[\"https:\\\/\\\/www.ponyanddogtrip.nl\\\/fr\\\/informations-concernant\\\/\"]}]},{\"@type\":\"BreadcrumbList\",\"@id\":\"https:\\\/\\\/www.ponyanddogtrip.nl\\\/fr\\\/informations-concernant\\\/#breadcrumb\",\"itemListElement\":[{\"@type\":\"ListItem\",\"position\":1,\"name\":\"Home\",\"item\":\"https:\\\/\\\/www.ponyanddogtrip.nl\\\/\"},{\"@type\":\"ListItem\",\"position\":2,\"name\":\"Informations me concernant\"}]},{\"@type\":\"WebSite\",\"@id\":\"https:\\\/\\\/www.ponyanddogtrip.nl\\\/#website\",\"url\":\"https:\\\/\\\/www.ponyanddogtrip.nl\\\/\",\"name\":\"Pony and dog trip europe\",\"description\":\"Harrie Huijben pony en hond\",\"potentialAction\":[{\"@type\":\"SearchAction\",\"target\":{\"@type\":\"EntryPoint\",\"urlTemplate\":\"https:\\\/\\\/www.ponyanddogtrip.nl\\\/?s={search_term_string}\"},\"query-input\":{\"@type\":\"PropertyValueSpecification\",\"valueRequired\":true,\"valueName\":\"search_term_string\"}}],\"inLanguage\":\"fr-FR\"}]}<\/script>\n<!-- \/ Yoast SEO plugin. -->","yoast_head_json":{"title":"Informations me concernant - Pony and dog trip europe","robots":{"index":"index","follow":"follow","max-snippet":"max-snippet:-1","max-image-preview":"max-image-preview:large","max-video-preview":"max-video-preview:-1"},"canonical":"https:\/\/www.ponyanddogtrip.nl\/fr\/informations-concernant\/","og_locale":"fr_FR","og_type":"article","og_title":"Informations me concernant - Pony and dog trip europe","og_description":"Je suis n\u00e9 en 1951 \u00e0 Heerlen, dans le Limbourg m\u00e9ridional, aux Pays-Bas. Les animaux, la nature et les paysages m&rsquo;ont toujours fascin\u00e9. J\u2019ai toujours beaucoup aim\u00e9 et continue \u00e0 aimer les activit\u00e9s physiques ainsi que les sports qui se pratiquent en outdoor. Avant de devenir m\u00e9decin de famille dans un petit village, j\u2019envisageais d\u2019effectuer&nbsp;","og_url":"https:\/\/www.ponyanddogtrip.nl\/fr\/informations-concernant\/","og_site_name":"Pony and dog trip europe","twitter_misc":{"Dur\u00e9e de lecture estim\u00e9e":"1 minute"},"schema":{"@context":"https:\/\/schema.org","@graph":[{"@type":"WebPage","@id":"https:\/\/www.ponyanddogtrip.nl\/fr\/informations-concernant\/","url":"https:\/\/www.ponyanddogtrip.nl\/fr\/informations-concernant\/","name":"Informations me concernant - Pony and dog trip europe","isPartOf":{"@id":"https:\/\/www.ponyanddogtrip.nl\/#website"},"datePublished":"2014-06-12T12:09:27+00:00","breadcrumb":{"@id":"https:\/\/www.ponyanddogtrip.nl\/fr\/informations-concernant\/#breadcrumb"},"inLanguage":"fr-FR","potentialAction":[{"@type":"ReadAction","target":["https:\/\/www.ponyanddogtrip.nl\/fr\/informations-concernant\/"]}]},{"@type":"BreadcrumbList","@id":"https:\/\/www.ponyanddogtrip.nl\/fr\/informations-concernant\/#breadcrumb","itemListElement":[{"@type":"ListItem","position":1,"name":"Home","item":"https:\/\/www.ponyanddogtrip.nl\/"},{"@type":"ListItem","position":2,"name":"Informations me concernant"}]},{"@type":"WebSite","@id":"https:\/\/www.ponyanddogtrip.nl\/#website","url":"https:\/\/www.ponyanddogtrip.nl\/","name":"Pony and dog trip europe","description":"Harrie Huijben pony en hond","potentialAction":[{"@type":"SearchAction","target":{"@type":"EntryPoint","urlTemplate":"https:\/\/www.ponyanddogtrip.nl\/?s={search_term_string}"},"query-input":{"@type":"PropertyValueSpecification","valueRequired":true,"valueName":"search_term_string"}}],"inLanguage":"fr-FR"}]}},"_links":{"self":[{"href":"https:\/\/www.ponyanddogtrip.nl\/fr\/wp-json\/wp\/v2\/pages\/1087","targetHints":{"allow":["GET"]}}],"collection":[{"href":"https:\/\/www.ponyanddogtrip.nl\/fr\/wp-json\/wp\/v2\/pages"}],"about":[{"href":"https:\/\/www.ponyanddogtrip.nl\/fr\/wp-json\/wp\/v2\/types\/page"}],"author":[{"embeddable":true,"href":"https:\/\/www.ponyanddogtrip.nl\/fr\/wp-json\/wp\/v2\/users\/5"}],"replies":[{"embeddable":true,"href":"https:\/\/www.ponyanddogtrip.nl\/fr\/wp-json\/wp\/v2\/comments?post=1087"}],"version-history":[{"count":0,"href":"https:\/\/www.ponyanddogtrip.nl\/fr\/wp-json\/wp\/v2\/pages\/1087\/revisions"}],"wp:attachment":[{"href":"https:\/\/www.ponyanddogtrip.nl\/fr\/wp-json\/wp\/v2\/media?parent=1087"}],"curies":[{"name":"wp","href":"https:\/\/api.w.org\/{rel}","templated":true}]}}