{"id":1085,"date":"2014-06-12T13:08:41","date_gmt":"2014-06-12T12:08:41","guid":{"rendered":"http:\/\/www.ponyanddogtrip.com\/?page_id=1085"},"modified":"2014-06-12T13:08:41","modified_gmt":"2014-06-12T12:08:41","slug":"encore-organiser","status":"publish","type":"page","link":"https:\/\/www.ponyanddogtrip.nl\/fr\/encore-organiser\/","title":{"rendered":"Encore \u00e0 organiser"},"content":{"rendered":"<ul>\n<li>am\u00e9liorer l\u2018itin\u00e9raire<\/li>\n<li>mat\u00e9riel cartographique\/\/livres\/navigation GPS<\/li>\n<li>recherche de possibilit\u00e9s d\u2019h\u00e9bergement\/ lieux de s\u00e9jour: campings, g\u00eetes ruraux\/dortoirs, ar\u00e8nes etc.<\/li>\n<li>moyens de communication: t\u00e9l\u00e9phone mobile, iPad, Spot-X<\/li>\n<li>mat\u00e9riel<\/li>\n<li>pour moi: tente, sac de couchage, v\u00eatements (v\u00eatements chauds et v\u00eatements de pluie), chaussures<\/li>\n<li>pour le chien: gamelle, collier \u00e9ducatif \u00ab\u00a0Teletakt\u00a0\u00bb, laisse, gilet pare-coups, museli\u00e8re, booties, nourriture, vaccination<\/li>\n<li>pour le cheval: sacoches \u00e9tanches, corde longue et piquets, housse imperm\u00e9able, nourriture, boisson, poche de recueil pour le fumier, balayette et pelle, museli\u00e8re, r\u00e2pe \u00e0 sabots, cl\u00e9 pour la selle, sabots, \u00e9tui.<\/li>\n<li>contacter les cha\u00eenes de t\u00e9l\u00e9vision et les journaux r\u00e9gionaux<\/li>\n<li>contacter l\u2019organisation \u00ab\u00a0Mama Alice\u00a0\u00bb pour le mat\u00e9riel publicitaire<\/li>\n<li>acheter une remorque<\/li>\n<li>r\u00e9aliser un calendrier des \u00e9v\u00e9nements<\/li>\n<li>entra\u00eenement pour les animaux et moi-m\u00eame<\/li>\n<\/ul>\n","protected":false},"excerpt":{"rendered":"<p>am\u00e9liorer l\u2018itin\u00e9raire mat\u00e9riel cartographique\/\/livres\/navigation GPS recherche de possibilit\u00e9s d\u2019h\u00e9bergement\/ lieux de s\u00e9jour: campings, g\u00eetes ruraux\/dortoirs, ar\u00e8nes etc. moyens de communication: t\u00e9l\u00e9phone mobile, iPad, Spot-X mat\u00e9riel pour moi: tente, sac de couchage, v\u00eatements (v\u00eatements chauds et v\u00eatements de pluie), chaussures pour le chien: gamelle, collier \u00e9ducatif \u00ab\u00a0Teletakt\u00a0\u00bb, laisse, gilet pare-coups, museli\u00e8re, booties, nourriture, vaccination pour le&nbsp;<a href=\"https:\/\/www.ponyanddogtrip.nl\/fr\/encore-organiser\/\"><i class=\"fa fa-long-arrow-right\"><\/i><\/a><\/p>\n","protected":false},"author":5,"featured_media":0,"parent":0,"menu_order":0,"comment_status":"open","ping_status":"open","template":"","meta":{"ngg_post_thumbnail":0,"footnotes":""},"class_list":["post-1085","page","type-page","status-publish","hentry","entry"],"yoast_head":"<!-- This site is optimized with the Yoast SEO plugin v27.4 - https:\/\/yoast.com\/product\/yoast-seo-wordpress\/ -->\n<title>Encore \u00e0 organiser - Pony and dog trip europe<\/title>\n<meta name=\"robots\" content=\"index, follow, max-snippet:-1, max-image-preview:large, max-video-preview:-1\" \/>\n<link rel=\"canonical\" href=\"https:\/\/www.ponyanddogtrip.nl\/fr\/encore-organiser\/\" \/>\n<meta property=\"og:locale\" content=\"fr_FR\" \/>\n<meta property=\"og:type\" content=\"article\" \/>\n<meta property=\"og:title\" content=\"Encore \u00e0 organiser - Pony and dog trip europe\" \/>\n<meta property=\"og:description\" content=\"am\u00e9liorer l\u2018itin\u00e9raire mat\u00e9riel cartographique\/\/livres\/navigation GPS recherche de possibilit\u00e9s d\u2019h\u00e9bergement\/ lieux de s\u00e9jour: campings, g\u00eetes ruraux\/dortoirs, ar\u00e8nes etc. moyens de communication: t\u00e9l\u00e9phone mobile, iPad, Spot-X mat\u00e9riel pour moi: tente, sac de couchage, v\u00eatements (v\u00eatements chauds et v\u00eatements de pluie), chaussures pour le chien: gamelle, collier \u00e9ducatif \u00ab\u00a0Teletakt\u00a0\u00bb, laisse, gilet pare-coups, museli\u00e8re, booties, nourriture, vaccination pour le&nbsp;\" \/>\n<meta property=\"og:url\" content=\"https:\/\/www.ponyanddogtrip.nl\/fr\/encore-organiser\/\" \/>\n<meta property=\"og:site_name\" content=\"Pony and dog trip europe\" \/>\n<meta name=\"twitter:label1\" content=\"Dur\u00e9e de lecture estim\u00e9e\" \/>\n\t<meta name=\"twitter:data1\" content=\"1 minute\" \/>\n<script type=\"application\/ld+json\" class=\"yoast-schema-graph\">{\"@context\":\"https:\\\/\\\/schema.org\",\"@graph\":[{\"@type\":\"WebPage\",\"@id\":\"https:\\\/\\\/www.ponyanddogtrip.nl\\\/fr\\\/encore-organiser\\\/\",\"url\":\"https:\\\/\\\/www.ponyanddogtrip.nl\\\/fr\\\/encore-organiser\\\/\",\"name\":\"Encore \u00e0 organiser - Pony and dog trip europe\",\"isPartOf\":{\"@id\":\"https:\\\/\\\/www.ponyanddogtrip.nl\\\/#website\"},\"datePublished\":\"2014-06-12T12:08:41+00:00\",\"breadcrumb\":{\"@id\":\"https:\\\/\\\/www.ponyanddogtrip.nl\\\/fr\\\/encore-organiser\\\/#breadcrumb\"},\"inLanguage\":\"fr-FR\",\"potentialAction\":[{\"@type\":\"ReadAction\",\"target\":[\"https:\\\/\\\/www.ponyanddogtrip.nl\\\/fr\\\/encore-organiser\\\/\"]}]},{\"@type\":\"BreadcrumbList\",\"@id\":\"https:\\\/\\\/www.ponyanddogtrip.nl\\\/fr\\\/encore-organiser\\\/#breadcrumb\",\"itemListElement\":[{\"@type\":\"ListItem\",\"position\":1,\"name\":\"Home\",\"item\":\"https:\\\/\\\/www.ponyanddogtrip.nl\\\/\"},{\"@type\":\"ListItem\",\"position\":2,\"name\":\"Encore \u00e0 organiser\"}]},{\"@type\":\"WebSite\",\"@id\":\"https:\\\/\\\/www.ponyanddogtrip.nl\\\/#website\",\"url\":\"https:\\\/\\\/www.ponyanddogtrip.nl\\\/\",\"name\":\"Pony and dog trip europe\",\"description\":\"Harrie Huijben pony en hond\",\"potentialAction\":[{\"@type\":\"SearchAction\",\"target\":{\"@type\":\"EntryPoint\",\"urlTemplate\":\"https:\\\/\\\/www.ponyanddogtrip.nl\\\/?s={search_term_string}\"},\"query-input\":{\"@type\":\"PropertyValueSpecification\",\"valueRequired\":true,\"valueName\":\"search_term_string\"}}],\"inLanguage\":\"fr-FR\"}]}<\/script>\n<!-- \/ Yoast SEO plugin. -->","yoast_head_json":{"title":"Encore \u00e0 organiser - Pony and dog trip europe","robots":{"index":"index","follow":"follow","max-snippet":"max-snippet:-1","max-image-preview":"max-image-preview:large","max-video-preview":"max-video-preview:-1"},"canonical":"https:\/\/www.ponyanddogtrip.nl\/fr\/encore-organiser\/","og_locale":"fr_FR","og_type":"article","og_title":"Encore \u00e0 organiser - Pony and dog trip europe","og_description":"am\u00e9liorer l\u2018itin\u00e9raire mat\u00e9riel cartographique\/\/livres\/navigation GPS recherche de possibilit\u00e9s d\u2019h\u00e9bergement\/ lieux de s\u00e9jour: campings, g\u00eetes ruraux\/dortoirs, ar\u00e8nes etc. moyens de communication: t\u00e9l\u00e9phone mobile, iPad, Spot-X mat\u00e9riel pour moi: tente, sac de couchage, v\u00eatements (v\u00eatements chauds et v\u00eatements de pluie), chaussures pour le chien: gamelle, collier \u00e9ducatif \u00ab\u00a0Teletakt\u00a0\u00bb, laisse, gilet pare-coups, museli\u00e8re, booties, nourriture, vaccination pour le&nbsp;","og_url":"https:\/\/www.ponyanddogtrip.nl\/fr\/encore-organiser\/","og_site_name":"Pony and dog trip europe","twitter_misc":{"Dur\u00e9e de lecture estim\u00e9e":"1 minute"},"schema":{"@context":"https:\/\/schema.org","@graph":[{"@type":"WebPage","@id":"https:\/\/www.ponyanddogtrip.nl\/fr\/encore-organiser\/","url":"https:\/\/www.ponyanddogtrip.nl\/fr\/encore-organiser\/","name":"Encore \u00e0 organiser - Pony and dog trip europe","isPartOf":{"@id":"https:\/\/www.ponyanddogtrip.nl\/#website"},"datePublished":"2014-06-12T12:08:41+00:00","breadcrumb":{"@id":"https:\/\/www.ponyanddogtrip.nl\/fr\/encore-organiser\/#breadcrumb"},"inLanguage":"fr-FR","potentialAction":[{"@type":"ReadAction","target":["https:\/\/www.ponyanddogtrip.nl\/fr\/encore-organiser\/"]}]},{"@type":"BreadcrumbList","@id":"https:\/\/www.ponyanddogtrip.nl\/fr\/encore-organiser\/#breadcrumb","itemListElement":[{"@type":"ListItem","position":1,"name":"Home","item":"https:\/\/www.ponyanddogtrip.nl\/"},{"@type":"ListItem","position":2,"name":"Encore \u00e0 organiser"}]},{"@type":"WebSite","@id":"https:\/\/www.ponyanddogtrip.nl\/#website","url":"https:\/\/www.ponyanddogtrip.nl\/","name":"Pony and dog trip europe","description":"Harrie Huijben pony en hond","potentialAction":[{"@type":"SearchAction","target":{"@type":"EntryPoint","urlTemplate":"https:\/\/www.ponyanddogtrip.nl\/?s={search_term_string}"},"query-input":{"@type":"PropertyValueSpecification","valueRequired":true,"valueName":"search_term_string"}}],"inLanguage":"fr-FR"}]}},"_links":{"self":[{"href":"https:\/\/www.ponyanddogtrip.nl\/fr\/wp-json\/wp\/v2\/pages\/1085","targetHints":{"allow":["GET"]}}],"collection":[{"href":"https:\/\/www.ponyanddogtrip.nl\/fr\/wp-json\/wp\/v2\/pages"}],"about":[{"href":"https:\/\/www.ponyanddogtrip.nl\/fr\/wp-json\/wp\/v2\/types\/page"}],"author":[{"embeddable":true,"href":"https:\/\/www.ponyanddogtrip.nl\/fr\/wp-json\/wp\/v2\/users\/5"}],"replies":[{"embeddable":true,"href":"https:\/\/www.ponyanddogtrip.nl\/fr\/wp-json\/wp\/v2\/comments?post=1085"}],"version-history":[{"count":0,"href":"https:\/\/www.ponyanddogtrip.nl\/fr\/wp-json\/wp\/v2\/pages\/1085\/revisions"}],"wp:attachment":[{"href":"https:\/\/www.ponyanddogtrip.nl\/fr\/wp-json\/wp\/v2\/media?parent=1085"}],"curies":[{"name":"wp","href":"https:\/\/api.w.org\/{rel}","templated":true}]}}