{"id":1077,"date":"2014-06-12T13:04:24","date_gmt":"2014-06-12T12:04:24","guid":{"rendered":"http:\/\/www.ponyanddogtrip.com\/?page_id=1077"},"modified":"2014-06-17T21:39:03","modified_gmt":"2014-06-17T20:39:03","slug":"occasion","status":"publish","type":"page","link":"https:\/\/www.ponyanddogtrip.nl\/fr\/occasion\/","title":{"rendered":"Occasion"},"content":{"rendered":"<div id=\"attachment_962\" style=\"width: 310px\" class=\"wp-caption alignnone\"><a href=\"http:\/\/www.ponyanddogtrip.com\/wp-content\/uploads\/2014\/04\/062.jpg\"><img loading=\"lazy\" decoding=\"async\" aria-describedby=\"caption-attachment-962\" class=\"size-medium wp-image-962\" src=\"http:\/\/www.ponyanddogtrip.com\/wp-content\/uploads\/2014\/04\/062-300x225.jpg\" alt=\"cheval bring\u00e9 et tigr\u00e9\" width=\"300\" height=\"225\" srcset=\"https:\/\/www.ponyanddogtrip.nl\/wp-content\/uploads\/2014\/04\/062-300x225.jpg 300w, https:\/\/www.ponyanddogtrip.nl\/wp-content\/uploads\/2014\/04\/062-1024x768.jpg 1024w, https:\/\/www.ponyanddogtrip.nl\/wp-content\/uploads\/2014\/04\/062-100x75.jpg 100w, https:\/\/www.ponyanddogtrip.nl\/wp-content\/uploads\/2014\/04\/062-240x180.jpg 240w, https:\/\/www.ponyanddogtrip.nl\/wp-content\/uploads\/2014\/04\/062.jpg 1600w\" sizes=\"auto, (max-width: 300px) 100vw, 300px\" \/><\/a><p id=\"caption-attachment-962\" class=\"wp-caption-text\">cheval bring\u00e9 et tigr\u00e9<\/p><\/div>\n<p>En 2010, j\u2019ai pass\u00e9 mes vacances en Mongolie avec Sonja. Dans le d\u00e9sert de Gobi, j\u2019ai eu la chance de croiser la route de chevaux bring\u00e9s tigr\u00e9s, ce qui est tr\u00e8s rare.<\/p>\n<p>A cette \u00e9poque, j\u2019avais envisag\u00e9 de retourner en Mongolie, de me procurer quelques-uns de ces chevaux sur place et de rentrer avec eux \u00e0 pied aux Pays-Bas. J\u2019ai ensuite abandonn\u00e9 cette id\u00e9e.<\/p>\n<p>Apr\u00e8s m\u00fbre r\u00e9flexion, j\u2019ai d\u00e9cid\u00e9 d\u2019entreprendre une randonn\u00e9e de l\u2019extr\u00eame sud de l&rsquo;Europe (Cadiz-Espagne) jusqu&rsquo;\u00e0 la r\u00e9gion la plus septentrionale de la Norv\u00e8ge (Cap Nord en Norv\u00e8ge). La distance \u00e0 parcourir est d\u2019environ 7500 km et correspond quasiment \u00e0 la distance reliant la Mongolie aux Pays-Bas.<\/p>\n","protected":false},"excerpt":{"rendered":"<p>En 2010, j\u2019ai pass\u00e9 mes vacances en Mongolie avec Sonja. Dans le d\u00e9sert de Gobi, j\u2019ai eu la chance de croiser la route de chevaux bring\u00e9s tigr\u00e9s, ce qui est tr\u00e8s rare. A cette \u00e9poque, j\u2019avais envisag\u00e9 de retourner en Mongolie, de me procurer quelques-uns de ces chevaux sur place et de rentrer avec eux&nbsp;<a href=\"https:\/\/www.ponyanddogtrip.nl\/fr\/occasion\/\"><i class=\"fa fa-long-arrow-right\"><\/i><\/a><\/p>\n","protected":false},"author":5,"featured_media":0,"parent":0,"menu_order":0,"comment_status":"open","ping_status":"open","template":"","meta":{"ngg_post_thumbnail":0,"footnotes":""},"class_list":["post-1077","page","type-page","status-publish","hentry","entry","has-post-thumbnail"],"yoast_head":"<!-- This site is optimized with the Yoast SEO plugin v27.4 - https:\/\/yoast.com\/product\/yoast-seo-wordpress\/ -->\n<title>Occasion - Pony and dog trip europe<\/title>\n<meta name=\"robots\" content=\"index, follow, max-snippet:-1, max-image-preview:large, max-video-preview:-1\" \/>\n<link rel=\"canonical\" href=\"https:\/\/www.ponyanddogtrip.nl\/fr\/occasion\/\" \/>\n<meta property=\"og:locale\" content=\"fr_FR\" \/>\n<meta property=\"og:type\" content=\"article\" \/>\n<meta property=\"og:title\" content=\"Occasion - Pony and dog trip europe\" \/>\n<meta property=\"og:description\" content=\"En 2010, j\u2019ai pass\u00e9 mes vacances en Mongolie avec Sonja. Dans le d\u00e9sert de Gobi, j\u2019ai eu la chance de croiser la route de chevaux bring\u00e9s tigr\u00e9s, ce qui est tr\u00e8s rare. A cette \u00e9poque, j\u2019avais envisag\u00e9 de retourner en Mongolie, de me procurer quelques-uns de ces chevaux sur place et de rentrer avec eux&nbsp;\" \/>\n<meta property=\"og:url\" content=\"https:\/\/www.ponyanddogtrip.nl\/fr\/occasion\/\" \/>\n<meta property=\"og:site_name\" content=\"Pony and dog trip europe\" \/>\n<meta property=\"article:modified_time\" content=\"2014-06-17T20:39:03+00:00\" \/>\n<meta property=\"og:image\" content=\"http:\/\/www.ponyanddogtrip.com\/wp-content\/uploads\/2014\/04\/062-300x225.jpg\" \/>\n<meta name=\"twitter:label1\" content=\"Dur\u00e9e de lecture estim\u00e9e\" \/>\n\t<meta name=\"twitter:data1\" content=\"1 minute\" \/>\n<script type=\"application\/ld+json\" class=\"yoast-schema-graph\">{\"@context\":\"https:\\\/\\\/schema.org\",\"@graph\":[{\"@type\":\"WebPage\",\"@id\":\"https:\\\/\\\/www.ponyanddogtrip.nl\\\/fr\\\/occasion\\\/\",\"url\":\"https:\\\/\\\/www.ponyanddogtrip.nl\\\/fr\\\/occasion\\\/\",\"name\":\"Occasion - Pony and dog trip europe\",\"isPartOf\":{\"@id\":\"https:\\\/\\\/www.ponyanddogtrip.nl\\\/#website\"},\"primaryImageOfPage\":{\"@id\":\"https:\\\/\\\/www.ponyanddogtrip.nl\\\/fr\\\/occasion\\\/#primaryimage\"},\"image\":{\"@id\":\"https:\\\/\\\/www.ponyanddogtrip.nl\\\/fr\\\/occasion\\\/#primaryimage\"},\"thumbnailUrl\":\"http:\\\/\\\/www.ponyanddogtrip.com\\\/wp-content\\\/uploads\\\/2014\\\/04\\\/062-300x225.jpg\",\"datePublished\":\"2014-06-12T12:04:24+00:00\",\"dateModified\":\"2014-06-17T20:39:03+00:00\",\"breadcrumb\":{\"@id\":\"https:\\\/\\\/www.ponyanddogtrip.nl\\\/fr\\\/occasion\\\/#breadcrumb\"},\"inLanguage\":\"fr-FR\",\"potentialAction\":[{\"@type\":\"ReadAction\",\"target\":[\"https:\\\/\\\/www.ponyanddogtrip.nl\\\/fr\\\/occasion\\\/\"]}]},{\"@type\":\"ImageObject\",\"inLanguage\":\"fr-FR\",\"@id\":\"https:\\\/\\\/www.ponyanddogtrip.nl\\\/fr\\\/occasion\\\/#primaryimage\",\"url\":\"http:\\\/\\\/www.ponyanddogtrip.com\\\/wp-content\\\/uploads\\\/2014\\\/04\\\/062-300x225.jpg\",\"contentUrl\":\"http:\\\/\\\/www.ponyanddogtrip.com\\\/wp-content\\\/uploads\\\/2014\\\/04\\\/062-300x225.jpg\"},{\"@type\":\"BreadcrumbList\",\"@id\":\"https:\\\/\\\/www.ponyanddogtrip.nl\\\/fr\\\/occasion\\\/#breadcrumb\",\"itemListElement\":[{\"@type\":\"ListItem\",\"position\":1,\"name\":\"Home\",\"item\":\"https:\\\/\\\/www.ponyanddogtrip.nl\\\/\"},{\"@type\":\"ListItem\",\"position\":2,\"name\":\"Occasion\"}]},{\"@type\":\"WebSite\",\"@id\":\"https:\\\/\\\/www.ponyanddogtrip.nl\\\/#website\",\"url\":\"https:\\\/\\\/www.ponyanddogtrip.nl\\\/\",\"name\":\"Pony and dog trip europe\",\"description\":\"Harrie Huijben pony en hond\",\"potentialAction\":[{\"@type\":\"SearchAction\",\"target\":{\"@type\":\"EntryPoint\",\"urlTemplate\":\"https:\\\/\\\/www.ponyanddogtrip.nl\\\/?s={search_term_string}\"},\"query-input\":{\"@type\":\"PropertyValueSpecification\",\"valueRequired\":true,\"valueName\":\"search_term_string\"}}],\"inLanguage\":\"fr-FR\"}]}<\/script>\n<!-- \/ Yoast SEO plugin. -->","yoast_head_json":{"title":"Occasion - Pony and dog trip europe","robots":{"index":"index","follow":"follow","max-snippet":"max-snippet:-1","max-image-preview":"max-image-preview:large","max-video-preview":"max-video-preview:-1"},"canonical":"https:\/\/www.ponyanddogtrip.nl\/fr\/occasion\/","og_locale":"fr_FR","og_type":"article","og_title":"Occasion - Pony and dog trip europe","og_description":"En 2010, j\u2019ai pass\u00e9 mes vacances en Mongolie avec Sonja. Dans le d\u00e9sert de Gobi, j\u2019ai eu la chance de croiser la route de chevaux bring\u00e9s tigr\u00e9s, ce qui est tr\u00e8s rare. A cette \u00e9poque, j\u2019avais envisag\u00e9 de retourner en Mongolie, de me procurer quelques-uns de ces chevaux sur place et de rentrer avec eux&nbsp;","og_url":"https:\/\/www.ponyanddogtrip.nl\/fr\/occasion\/","og_site_name":"Pony and dog trip europe","article_modified_time":"2014-06-17T20:39:03+00:00","og_image":[{"url":"http:\/\/www.ponyanddogtrip.com\/wp-content\/uploads\/2014\/04\/062-300x225.jpg","type":"","width":"","height":""}],"twitter_misc":{"Dur\u00e9e de lecture estim\u00e9e":"1 minute"},"schema":{"@context":"https:\/\/schema.org","@graph":[{"@type":"WebPage","@id":"https:\/\/www.ponyanddogtrip.nl\/fr\/occasion\/","url":"https:\/\/www.ponyanddogtrip.nl\/fr\/occasion\/","name":"Occasion - Pony and dog trip europe","isPartOf":{"@id":"https:\/\/www.ponyanddogtrip.nl\/#website"},"primaryImageOfPage":{"@id":"https:\/\/www.ponyanddogtrip.nl\/fr\/occasion\/#primaryimage"},"image":{"@id":"https:\/\/www.ponyanddogtrip.nl\/fr\/occasion\/#primaryimage"},"thumbnailUrl":"http:\/\/www.ponyanddogtrip.com\/wp-content\/uploads\/2014\/04\/062-300x225.jpg","datePublished":"2014-06-12T12:04:24+00:00","dateModified":"2014-06-17T20:39:03+00:00","breadcrumb":{"@id":"https:\/\/www.ponyanddogtrip.nl\/fr\/occasion\/#breadcrumb"},"inLanguage":"fr-FR","potentialAction":[{"@type":"ReadAction","target":["https:\/\/www.ponyanddogtrip.nl\/fr\/occasion\/"]}]},{"@type":"ImageObject","inLanguage":"fr-FR","@id":"https:\/\/www.ponyanddogtrip.nl\/fr\/occasion\/#primaryimage","url":"http:\/\/www.ponyanddogtrip.com\/wp-content\/uploads\/2014\/04\/062-300x225.jpg","contentUrl":"http:\/\/www.ponyanddogtrip.com\/wp-content\/uploads\/2014\/04\/062-300x225.jpg"},{"@type":"BreadcrumbList","@id":"https:\/\/www.ponyanddogtrip.nl\/fr\/occasion\/#breadcrumb","itemListElement":[{"@type":"ListItem","position":1,"name":"Home","item":"https:\/\/www.ponyanddogtrip.nl\/"},{"@type":"ListItem","position":2,"name":"Occasion"}]},{"@type":"WebSite","@id":"https:\/\/www.ponyanddogtrip.nl\/#website","url":"https:\/\/www.ponyanddogtrip.nl\/","name":"Pony and dog trip europe","description":"Harrie Huijben pony en hond","potentialAction":[{"@type":"SearchAction","target":{"@type":"EntryPoint","urlTemplate":"https:\/\/www.ponyanddogtrip.nl\/?s={search_term_string}"},"query-input":{"@type":"PropertyValueSpecification","valueRequired":true,"valueName":"search_term_string"}}],"inLanguage":"fr-FR"}]}},"_links":{"self":[{"href":"https:\/\/www.ponyanddogtrip.nl\/fr\/wp-json\/wp\/v2\/pages\/1077","targetHints":{"allow":["GET"]}}],"collection":[{"href":"https:\/\/www.ponyanddogtrip.nl\/fr\/wp-json\/wp\/v2\/pages"}],"about":[{"href":"https:\/\/www.ponyanddogtrip.nl\/fr\/wp-json\/wp\/v2\/types\/page"}],"author":[{"embeddable":true,"href":"https:\/\/www.ponyanddogtrip.nl\/fr\/wp-json\/wp\/v2\/users\/5"}],"replies":[{"embeddable":true,"href":"https:\/\/www.ponyanddogtrip.nl\/fr\/wp-json\/wp\/v2\/comments?post=1077"}],"version-history":[{"count":0,"href":"https:\/\/www.ponyanddogtrip.nl\/fr\/wp-json\/wp\/v2\/pages\/1077\/revisions"}],"wp:attachment":[{"href":"https:\/\/www.ponyanddogtrip.nl\/fr\/wp-json\/wp\/v2\/media?parent=1077"}],"curies":[{"name":"wp","href":"https:\/\/api.w.org\/{rel}","templated":true}]}}