{"id":1381,"date":"2014-06-29T20:06:15","date_gmt":"2014-06-29T19:06:15","guid":{"rendered":"http:\/\/www.ponyanddogtrip.com\/?page_id=1381"},"modified":"2014-06-29T20:14:15","modified_gmt":"2014-06-29T19:14:15","slug":"mama-alice-4","status":"publish","type":"page","link":"https:\/\/www.ponyanddogtrip.nl\/es\/mama-alice-4\/","title":{"rendered":"Mama Alice"},"content":{"rendered":"<p>Mi expedicion es por una buena obra. En mi region vivia Frederique Kallen, ella fund\u00f3 en Peru una organizaci\u00f3n a favor de los ni\u00f1os de la calle. La organizacion fue llamada Mama Alice, quien fue la madre de Frederique. Mi nuera es peruana, raz\u00f3n por la cual estoy aprendiendo espa\u00f1ol. Me parece muy bien,\u00a0 poder tener una conexi\u00f3n entre el lugar donde vivo y trabajo con el pais del cual mis nietos descienden. Al ver una exposici\u00f3n de Frederique me entusiasmo su proposito:\u00a0 <a href=\"http:\/\/mce_host\/2010\/info%40mamaalice.com\">info@mamaalice.com<\/a>\u00a0 \u00a0<a href=\"http:\/\/www.mamaalice.com\/\">www.mamaalice.com <\/a><\/p>\n","protected":false},"excerpt":{"rendered":"<p>Mi expedicion es por una buena obra. En mi region vivia Frederique Kallen, ella fund\u00f3 en Peru una organizaci\u00f3n a favor de los ni\u00f1os de la calle. La organizacion fue llamada Mama Alice, quien fue la madre de Frederique. Mi nuera es peruana, raz\u00f3n por la cual estoy aprendiendo espa\u00f1ol. Me parece muy bien,\u00a0 poder&nbsp;<a href=\"https:\/\/www.ponyanddogtrip.nl\/es\/mama-alice-4\/\"><i class=\"fa fa-long-arrow-right\"><\/i><\/a><\/p>\n","protected":false},"author":3,"featured_media":0,"parent":0,"menu_order":0,"comment_status":"open","ping_status":"open","template":"","meta":{"ngg_post_thumbnail":0,"footnotes":""},"class_list":["post-1381","page","type-page","status-publish","hentry","entry"],"yoast_head":"<!-- This site is optimized with the Yoast SEO plugin v27.4 - https:\/\/yoast.com\/product\/yoast-seo-wordpress\/ -->\n<title>Mama Alice - Pony and dog trip europe<\/title>\n<meta name=\"robots\" content=\"index, follow, max-snippet:-1, max-image-preview:large, max-video-preview:-1\" \/>\n<link rel=\"canonical\" href=\"https:\/\/www.ponyanddogtrip.nl\/es\/mama-alice-4\/\" \/>\n<meta property=\"og:locale\" content=\"es_ES\" \/>\n<meta property=\"og:type\" content=\"article\" \/>\n<meta property=\"og:title\" content=\"Mama Alice - Pony and dog trip europe\" \/>\n<meta property=\"og:description\" content=\"Mi expedicion es por una buena obra. En mi region vivia Frederique Kallen, ella fund\u00f3 en Peru una organizaci\u00f3n a favor de los ni\u00f1os de la calle. La organizacion fue llamada Mama Alice, quien fue la madre de Frederique. Mi nuera es peruana, raz\u00f3n por la cual estoy aprendiendo espa\u00f1ol. Me parece muy bien,\u00a0 poder&nbsp;\" \/>\n<meta property=\"og:url\" content=\"https:\/\/www.ponyanddogtrip.nl\/es\/mama-alice-4\/\" \/>\n<meta property=\"og:site_name\" content=\"Pony and dog trip europe\" \/>\n<meta property=\"article:modified_time\" content=\"2014-06-29T19:14:15+00:00\" \/>\n<script type=\"application\/ld+json\" class=\"yoast-schema-graph\">{\"@context\":\"https:\\\/\\\/schema.org\",\"@graph\":[{\"@type\":\"WebPage\",\"@id\":\"https:\\\/\\\/www.ponyanddogtrip.nl\\\/es\\\/mama-alice-4\\\/\",\"url\":\"https:\\\/\\\/www.ponyanddogtrip.nl\\\/es\\\/mama-alice-4\\\/\",\"name\":\"Mama Alice - Pony and dog trip europe\",\"isPartOf\":{\"@id\":\"https:\\\/\\\/www.ponyanddogtrip.nl\\\/#website\"},\"datePublished\":\"2014-06-29T19:06:15+00:00\",\"dateModified\":\"2014-06-29T19:14:15+00:00\",\"breadcrumb\":{\"@id\":\"https:\\\/\\\/www.ponyanddogtrip.nl\\\/es\\\/mama-alice-4\\\/#breadcrumb\"},\"inLanguage\":\"es\",\"potentialAction\":[{\"@type\":\"ReadAction\",\"target\":[\"https:\\\/\\\/www.ponyanddogtrip.nl\\\/es\\\/mama-alice-4\\\/\"]}]},{\"@type\":\"BreadcrumbList\",\"@id\":\"https:\\\/\\\/www.ponyanddogtrip.nl\\\/es\\\/mama-alice-4\\\/#breadcrumb\",\"itemListElement\":[{\"@type\":\"ListItem\",\"position\":1,\"name\":\"Home\",\"item\":\"https:\\\/\\\/www.ponyanddogtrip.nl\\\/\"},{\"@type\":\"ListItem\",\"position\":2,\"name\":\"Mama Alice\"}]},{\"@type\":\"WebSite\",\"@id\":\"https:\\\/\\\/www.ponyanddogtrip.nl\\\/#website\",\"url\":\"https:\\\/\\\/www.ponyanddogtrip.nl\\\/\",\"name\":\"Pony and dog trip europe\",\"description\":\"Harrie Huijben pony en hond\",\"potentialAction\":[{\"@type\":\"SearchAction\",\"target\":{\"@type\":\"EntryPoint\",\"urlTemplate\":\"https:\\\/\\\/www.ponyanddogtrip.nl\\\/?s={search_term_string}\"},\"query-input\":{\"@type\":\"PropertyValueSpecification\",\"valueRequired\":true,\"valueName\":\"search_term_string\"}}],\"inLanguage\":\"es\"}]}<\/script>\n<!-- \/ Yoast SEO plugin. -->","yoast_head_json":{"title":"Mama Alice - Pony and dog trip europe","robots":{"index":"index","follow":"follow","max-snippet":"max-snippet:-1","max-image-preview":"max-image-preview:large","max-video-preview":"max-video-preview:-1"},"canonical":"https:\/\/www.ponyanddogtrip.nl\/es\/mama-alice-4\/","og_locale":"es_ES","og_type":"article","og_title":"Mama Alice - Pony and dog trip europe","og_description":"Mi expedicion es por una buena obra. En mi region vivia Frederique Kallen, ella fund\u00f3 en Peru una organizaci\u00f3n a favor de los ni\u00f1os de la calle. La organizacion fue llamada Mama Alice, quien fue la madre de Frederique. Mi nuera es peruana, raz\u00f3n por la cual estoy aprendiendo espa\u00f1ol. Me parece muy bien,\u00a0 poder&nbsp;","og_url":"https:\/\/www.ponyanddogtrip.nl\/es\/mama-alice-4\/","og_site_name":"Pony and dog trip europe","article_modified_time":"2014-06-29T19:14:15+00:00","schema":{"@context":"https:\/\/schema.org","@graph":[{"@type":"WebPage","@id":"https:\/\/www.ponyanddogtrip.nl\/es\/mama-alice-4\/","url":"https:\/\/www.ponyanddogtrip.nl\/es\/mama-alice-4\/","name":"Mama Alice - Pony and dog trip europe","isPartOf":{"@id":"https:\/\/www.ponyanddogtrip.nl\/#website"},"datePublished":"2014-06-29T19:06:15+00:00","dateModified":"2014-06-29T19:14:15+00:00","breadcrumb":{"@id":"https:\/\/www.ponyanddogtrip.nl\/es\/mama-alice-4\/#breadcrumb"},"inLanguage":"es","potentialAction":[{"@type":"ReadAction","target":["https:\/\/www.ponyanddogtrip.nl\/es\/mama-alice-4\/"]}]},{"@type":"BreadcrumbList","@id":"https:\/\/www.ponyanddogtrip.nl\/es\/mama-alice-4\/#breadcrumb","itemListElement":[{"@type":"ListItem","position":1,"name":"Home","item":"https:\/\/www.ponyanddogtrip.nl\/"},{"@type":"ListItem","position":2,"name":"Mama Alice"}]},{"@type":"WebSite","@id":"https:\/\/www.ponyanddogtrip.nl\/#website","url":"https:\/\/www.ponyanddogtrip.nl\/","name":"Pony and dog trip europe","description":"Harrie Huijben pony en hond","potentialAction":[{"@type":"SearchAction","target":{"@type":"EntryPoint","urlTemplate":"https:\/\/www.ponyanddogtrip.nl\/?s={search_term_string}"},"query-input":{"@type":"PropertyValueSpecification","valueRequired":true,"valueName":"search_term_string"}}],"inLanguage":"es"}]}},"_links":{"self":[{"href":"https:\/\/www.ponyanddogtrip.nl\/es\/wp-json\/wp\/v2\/pages\/1381","targetHints":{"allow":["GET"]}}],"collection":[{"href":"https:\/\/www.ponyanddogtrip.nl\/es\/wp-json\/wp\/v2\/pages"}],"about":[{"href":"https:\/\/www.ponyanddogtrip.nl\/es\/wp-json\/wp\/v2\/types\/page"}],"author":[{"embeddable":true,"href":"https:\/\/www.ponyanddogtrip.nl\/es\/wp-json\/wp\/v2\/users\/3"}],"replies":[{"embeddable":true,"href":"https:\/\/www.ponyanddogtrip.nl\/es\/wp-json\/wp\/v2\/comments?post=1381"}],"version-history":[{"count":0,"href":"https:\/\/www.ponyanddogtrip.nl\/es\/wp-json\/wp\/v2\/pages\/1381\/revisions"}],"wp:attachment":[{"href":"https:\/\/www.ponyanddogtrip.nl\/es\/wp-json\/wp\/v2\/media?parent=1381"}],"curies":[{"name":"wp","href":"https:\/\/api.w.org\/{rel}","templated":true}]}}