{"id":1070,"date":"2014-06-12T12:59:49","date_gmt":"2014-06-12T11:59:49","guid":{"rendered":"http:\/\/www.ponyanddogtrip.com\/?page_id=1070"},"modified":"2014-06-22T11:16:16","modified_gmt":"2014-06-22T10:16:16","slug":"route-2","status":"publish","type":"page","link":"https:\/\/www.ponyanddogtrip.nl\/de\/route-2\/","title":{"rendered":"Route"},"content":{"rendered":"<!-- Nomad World Map - http:\/\/nomadworldmap.com --><div class=\"nwm-wrap\" ><div id=\"nwm-map-0\" class=\"nomad-world-map\" ><\/div><div class=\"nwm-destination-list\"><div class=\"nwm-back nwm-control\"><\/div><ul><\/ul><div class=\"nwm-forward nwm-control\"><\/div><\/div><\/div>\n<p>Ich starte in Okt. 2014 in Tarifa in S\u00fcd Spanien. Die Route besteht so viel wie m\u00f6glich aus bekannten alten Routen , wie der spanischen \u00b4VIA DE LA PLATA \u00b4, den \u00b4SANTIAGOROUTEN \u00b4in Nord Spanien und in Frankreich bis Vezelay . Die \u00b4GRANDE RANDONNEE 654 von Vezelay bis Namur in Belgien . Dann weiter die \u00b4VIA MOSANA\u00b4bis Maastricht oder Aachen ,den \u00b4PIETERPAD\u00b4 in Holland , weiter durch Norddeutschland\u00a0das Marskramerpfad, den Toddenweg\u00a0bis Osnabruck, den Wittekindweg\u00a0bis Porta Westfalica,\u00a0weiter\u00a0das E1\u00a0Europapfad<span style=\"text-decoration: underline;\"> \u00fcber<\/span>\u00a0Hameln,\u00a0\u00fcber\u00a0Hamburg\/Blankenese\u00a0nach Flensburg (D\u00e4nemark)\u00a0, in D\u00e4nemark den E1 EUROPAPFAD von Aarhus bis Silkeborg . In S\u00fcdschweden die\u00b4 BOHUSLAN\u00b4 von G\u00f6teborg bis Str\u00f6mstad bei Halden .<\/p>\n<p>In Norwegen den OLAVSWEG von Oslo nach Trondheim . Dan in Lapland den KUNGSLEDE durch Norwegen,Schweden und Finland bis Kautokeino , und von da weiter durch Norwegen zum NORDKAP.<\/p>\n<p>( das St\u00fcck zwischen Trondheim + Kungslede wird noch untersucht )<\/p>\n<p>Haupts\u00e4chlich die hunderte km durch Lapland scheinen mir schwierig\u00a0 wegen der M\u00fccken , und die f\u00fcr Pferde schwierig zu durchkreuzende Moore + Gew\u00e4sser , die steinigen Berglandschaften und auch die stark<\/p>\n<p>wechselnden Wetterverh\u00e4ltnisse .<\/p>\n","protected":false},"excerpt":{"rendered":"<p>Ich starte in Okt. 2014 in Tarifa in S\u00fcd Spanien. Die Route besteht so viel wie m\u00f6glich aus bekannten alten Routen , wie der spanischen \u00b4VIA DE LA PLATA \u00b4, den \u00b4SANTIAGOROUTEN \u00b4in Nord Spanien und in Frankreich bis Vezelay . Die \u00b4GRANDE RANDONNEE 654 von Vezelay bis Namur in Belgien . Dann weiter die&nbsp;<a href=\"https:\/\/www.ponyanddogtrip.nl\/de\/route-2\/\"><i class=\"fa fa-long-arrow-right\"><\/i><\/a><\/p>\n","protected":false},"author":5,"featured_media":0,"parent":0,"menu_order":0,"comment_status":"open","ping_status":"open","template":"","meta":{"ngg_post_thumbnail":0,"footnotes":""},"class_list":["post-1070","page","type-page","status-publish","hentry","entry"],"yoast_head":"<!-- This site is optimized with the Yoast SEO plugin v27.4 - https:\/\/yoast.com\/product\/yoast-seo-wordpress\/ -->\n<title>Route - Pony and dog trip europe<\/title>\n<meta name=\"robots\" content=\"index, follow, max-snippet:-1, max-image-preview:large, max-video-preview:-1\" \/>\n<link rel=\"canonical\" href=\"https:\/\/www.ponyanddogtrip.nl\/de\/route-2\/\" \/>\n<meta property=\"og:locale\" content=\"de_DE\" \/>\n<meta property=\"og:type\" content=\"article\" \/>\n<meta property=\"og:title\" content=\"Route - Pony and dog trip europe\" \/>\n<meta property=\"og:description\" content=\"Ich starte in Okt. 2014 in Tarifa in S\u00fcd Spanien. Die Route besteht so viel wie m\u00f6glich aus bekannten alten Routen , wie der spanischen \u00b4VIA DE LA PLATA \u00b4, den \u00b4SANTIAGOROUTEN \u00b4in Nord Spanien und in Frankreich bis Vezelay . Die \u00b4GRANDE RANDONNEE 654 von Vezelay bis Namur in Belgien . Dann weiter die&nbsp;\" \/>\n<meta property=\"og:url\" content=\"https:\/\/www.ponyanddogtrip.nl\/de\/route-2\/\" \/>\n<meta property=\"og:site_name\" content=\"Pony and dog trip europe\" \/>\n<meta property=\"article:modified_time\" content=\"2014-06-22T10:16:16+00:00\" \/>\n<meta name=\"twitter:label1\" content=\"Gesch\u00e4tzte Lesezeit\" \/>\n\t<meta name=\"twitter:data1\" content=\"1\u00a0Minute\" \/>\n<script type=\"application\/ld+json\" class=\"yoast-schema-graph\">{\"@context\":\"https:\\\/\\\/schema.org\",\"@graph\":[{\"@type\":\"WebPage\",\"@id\":\"https:\\\/\\\/www.ponyanddogtrip.nl\\\/de\\\/route-2\\\/\",\"url\":\"https:\\\/\\\/www.ponyanddogtrip.nl\\\/de\\\/route-2\\\/\",\"name\":\"Route - Pony and dog trip europe\",\"isPartOf\":{\"@id\":\"https:\\\/\\\/www.ponyanddogtrip.nl\\\/#website\"},\"datePublished\":\"2014-06-12T11:59:49+00:00\",\"dateModified\":\"2014-06-22T10:16:16+00:00\",\"breadcrumb\":{\"@id\":\"https:\\\/\\\/www.ponyanddogtrip.nl\\\/de\\\/route-2\\\/#breadcrumb\"},\"inLanguage\":\"de\",\"potentialAction\":[{\"@type\":\"ReadAction\",\"target\":[\"https:\\\/\\\/www.ponyanddogtrip.nl\\\/de\\\/route-2\\\/\"]}]},{\"@type\":\"BreadcrumbList\",\"@id\":\"https:\\\/\\\/www.ponyanddogtrip.nl\\\/de\\\/route-2\\\/#breadcrumb\",\"itemListElement\":[{\"@type\":\"ListItem\",\"position\":1,\"name\":\"Home\",\"item\":\"https:\\\/\\\/www.ponyanddogtrip.nl\\\/\"},{\"@type\":\"ListItem\",\"position\":2,\"name\":\"Route\"}]},{\"@type\":\"WebSite\",\"@id\":\"https:\\\/\\\/www.ponyanddogtrip.nl\\\/#website\",\"url\":\"https:\\\/\\\/www.ponyanddogtrip.nl\\\/\",\"name\":\"Pony and dog trip europe\",\"description\":\"Harrie Huijben pony en hond\",\"potentialAction\":[{\"@type\":\"SearchAction\",\"target\":{\"@type\":\"EntryPoint\",\"urlTemplate\":\"https:\\\/\\\/www.ponyanddogtrip.nl\\\/?s={search_term_string}\"},\"query-input\":{\"@type\":\"PropertyValueSpecification\",\"valueRequired\":true,\"valueName\":\"search_term_string\"}}],\"inLanguage\":\"de\"}]}<\/script>\n<!-- \/ Yoast SEO plugin. -->","yoast_head_json":{"title":"Route - Pony and dog trip europe","robots":{"index":"index","follow":"follow","max-snippet":"max-snippet:-1","max-image-preview":"max-image-preview:large","max-video-preview":"max-video-preview:-1"},"canonical":"https:\/\/www.ponyanddogtrip.nl\/de\/route-2\/","og_locale":"de_DE","og_type":"article","og_title":"Route - Pony and dog trip europe","og_description":"Ich starte in Okt. 2014 in Tarifa in S\u00fcd Spanien. Die Route besteht so viel wie m\u00f6glich aus bekannten alten Routen , wie der spanischen \u00b4VIA DE LA PLATA \u00b4, den \u00b4SANTIAGOROUTEN \u00b4in Nord Spanien und in Frankreich bis Vezelay . Die \u00b4GRANDE RANDONNEE 654 von Vezelay bis Namur in Belgien . Dann weiter die&nbsp;","og_url":"https:\/\/www.ponyanddogtrip.nl\/de\/route-2\/","og_site_name":"Pony and dog trip europe","article_modified_time":"2014-06-22T10:16:16+00:00","twitter_misc":{"Gesch\u00e4tzte Lesezeit":"1\u00a0Minute"},"schema":{"@context":"https:\/\/schema.org","@graph":[{"@type":"WebPage","@id":"https:\/\/www.ponyanddogtrip.nl\/de\/route-2\/","url":"https:\/\/www.ponyanddogtrip.nl\/de\/route-2\/","name":"Route - Pony and dog trip europe","isPartOf":{"@id":"https:\/\/www.ponyanddogtrip.nl\/#website"},"datePublished":"2014-06-12T11:59:49+00:00","dateModified":"2014-06-22T10:16:16+00:00","breadcrumb":{"@id":"https:\/\/www.ponyanddogtrip.nl\/de\/route-2\/#breadcrumb"},"inLanguage":"de","potentialAction":[{"@type":"ReadAction","target":["https:\/\/www.ponyanddogtrip.nl\/de\/route-2\/"]}]},{"@type":"BreadcrumbList","@id":"https:\/\/www.ponyanddogtrip.nl\/de\/route-2\/#breadcrumb","itemListElement":[{"@type":"ListItem","position":1,"name":"Home","item":"https:\/\/www.ponyanddogtrip.nl\/"},{"@type":"ListItem","position":2,"name":"Route"}]},{"@type":"WebSite","@id":"https:\/\/www.ponyanddogtrip.nl\/#website","url":"https:\/\/www.ponyanddogtrip.nl\/","name":"Pony and dog trip europe","description":"Harrie Huijben pony en hond","potentialAction":[{"@type":"SearchAction","target":{"@type":"EntryPoint","urlTemplate":"https:\/\/www.ponyanddogtrip.nl\/?s={search_term_string}"},"query-input":{"@type":"PropertyValueSpecification","valueRequired":true,"valueName":"search_term_string"}}],"inLanguage":"de"}]}},"_links":{"self":[{"href":"https:\/\/www.ponyanddogtrip.nl\/de\/wp-json\/wp\/v2\/pages\/1070","targetHints":{"allow":["GET"]}}],"collection":[{"href":"https:\/\/www.ponyanddogtrip.nl\/de\/wp-json\/wp\/v2\/pages"}],"about":[{"href":"https:\/\/www.ponyanddogtrip.nl\/de\/wp-json\/wp\/v2\/types\/page"}],"author":[{"embeddable":true,"href":"https:\/\/www.ponyanddogtrip.nl\/de\/wp-json\/wp\/v2\/users\/5"}],"replies":[{"embeddable":true,"href":"https:\/\/www.ponyanddogtrip.nl\/de\/wp-json\/wp\/v2\/comments?post=1070"}],"version-history":[{"count":0,"href":"https:\/\/www.ponyanddogtrip.nl\/de\/wp-json\/wp\/v2\/pages\/1070\/revisions"}],"wp:attachment":[{"href":"https:\/\/www.ponyanddogtrip.nl\/de\/wp-json\/wp\/v2\/media?parent=1070"}],"curies":[{"name":"wp","href":"https:\/\/api.w.org\/{rel}","templated":true}]}}