{"id":1064,"date":"2014-06-12T12:54:53","date_gmt":"2014-06-12T11:54:53","guid":{"rendered":"http:\/\/www.ponyanddogtrip.com\/?page_id=1064"},"modified":"2014-06-29T20:56:41","modified_gmt":"2014-06-29T19:56:41","slug":"uber-mich","status":"publish","type":"page","link":"https:\/\/www.ponyanddogtrip.nl\/de\/uber-mich\/","title":{"rendered":"\u00dcber mich"},"content":{"rendered":"<p>Ich bin geboren 1951 in Heerlen &#8212; S\u00fcd Limburg , Niederlande.<\/p>\n<p>War immer interessiert\u00a0 in Tieren , Natur und Landschaft . Liebe k\u00f6rperliche Aktivit\u00e4t und Sport im Freien .<\/p>\n<p>Urspr\u00fcnglich hatte ich vor eine \u00b4gr\u00fcne Ausbildung \u00b4zu machen . Schlie\u00dflich bin ich Hausarzt geworden in einem Dorf .<\/p>\n<p>Die 4 Kinder sind schon lange selbst\u00e4ndig . Als \u00b4Beinahe&#8211;Abschluss \u00b4meines Arbeitslebens m\u00f6chte ich ein\u00a0Jahr laufen, vom \u00e4u\u00dfersten S\u00fcden Europas, in Spanien , bis zum \u00e4u\u00dfersten<\/p>\n<p>Norden in Norwegen , dem Nordkap . Zusammen mit meinem Hund JOEP und meinem Packpony LUKA .<\/p>\n","protected":false},"excerpt":{"rendered":"<p>Ich bin geboren 1951 in Heerlen &#8212; S\u00fcd Limburg , Niederlande. War immer interessiert\u00a0 in Tieren , Natur und Landschaft . Liebe k\u00f6rperliche Aktivit\u00e4t und Sport im Freien . Urspr\u00fcnglich hatte ich vor eine \u00b4gr\u00fcne Ausbildung \u00b4zu machen . Schlie\u00dflich bin ich Hausarzt geworden in einem Dorf . Die 4 Kinder sind schon lange selbst\u00e4ndig&nbsp;<a href=\"https:\/\/www.ponyanddogtrip.nl\/de\/uber-mich\/\"><i class=\"fa fa-long-arrow-right\"><\/i><\/a><\/p>\n","protected":false},"author":5,"featured_media":0,"parent":0,"menu_order":0,"comment_status":"open","ping_status":"open","template":"","meta":{"ngg_post_thumbnail":0,"footnotes":""},"class_list":["post-1064","page","type-page","status-publish","hentry","entry"],"yoast_head":"<!-- This site is optimized with the Yoast SEO plugin v27.4 - https:\/\/yoast.com\/product\/yoast-seo-wordpress\/ -->\n<title>\u00dcber mich - Pony and dog trip europe<\/title>\n<meta name=\"robots\" content=\"index, follow, max-snippet:-1, max-image-preview:large, max-video-preview:-1\" \/>\n<link rel=\"canonical\" href=\"https:\/\/www.ponyanddogtrip.nl\/de\/uber-mich\/\" \/>\n<meta property=\"og:locale\" content=\"de_DE\" \/>\n<meta property=\"og:type\" content=\"article\" \/>\n<meta property=\"og:title\" content=\"\u00dcber mich - Pony and dog trip europe\" \/>\n<meta property=\"og:description\" content=\"Ich bin geboren 1951 in Heerlen &#8212; S\u00fcd Limburg , Niederlande. War immer interessiert\u00a0 in Tieren , Natur und Landschaft . Liebe k\u00f6rperliche Aktivit\u00e4t und Sport im Freien . Urspr\u00fcnglich hatte ich vor eine \u00b4gr\u00fcne Ausbildung \u00b4zu machen . Schlie\u00dflich bin ich Hausarzt geworden in einem Dorf . Die 4 Kinder sind schon lange selbst\u00e4ndig&nbsp;\" \/>\n<meta property=\"og:url\" content=\"https:\/\/www.ponyanddogtrip.nl\/de\/uber-mich\/\" \/>\n<meta property=\"og:site_name\" content=\"Pony and dog trip europe\" \/>\n<meta property=\"article:modified_time\" content=\"2014-06-29T19:56:41+00:00\" \/>\n<script type=\"application\/ld+json\" class=\"yoast-schema-graph\">{\"@context\":\"https:\\\/\\\/schema.org\",\"@graph\":[{\"@type\":\"WebPage\",\"@id\":\"https:\\\/\\\/www.ponyanddogtrip.nl\\\/de\\\/uber-mich\\\/\",\"url\":\"https:\\\/\\\/www.ponyanddogtrip.nl\\\/de\\\/uber-mich\\\/\",\"name\":\"\u00dcber mich - Pony and dog trip europe\",\"isPartOf\":{\"@id\":\"https:\\\/\\\/www.ponyanddogtrip.nl\\\/#website\"},\"datePublished\":\"2014-06-12T11:54:53+00:00\",\"dateModified\":\"2014-06-29T19:56:41+00:00\",\"breadcrumb\":{\"@id\":\"https:\\\/\\\/www.ponyanddogtrip.nl\\\/de\\\/uber-mich\\\/#breadcrumb\"},\"inLanguage\":\"de\",\"potentialAction\":[{\"@type\":\"ReadAction\",\"target\":[\"https:\\\/\\\/www.ponyanddogtrip.nl\\\/de\\\/uber-mich\\\/\"]}]},{\"@type\":\"BreadcrumbList\",\"@id\":\"https:\\\/\\\/www.ponyanddogtrip.nl\\\/de\\\/uber-mich\\\/#breadcrumb\",\"itemListElement\":[{\"@type\":\"ListItem\",\"position\":1,\"name\":\"Home\",\"item\":\"https:\\\/\\\/www.ponyanddogtrip.nl\\\/\"},{\"@type\":\"ListItem\",\"position\":2,\"name\":\"\u00dcber mich\"}]},{\"@type\":\"WebSite\",\"@id\":\"https:\\\/\\\/www.ponyanddogtrip.nl\\\/#website\",\"url\":\"https:\\\/\\\/www.ponyanddogtrip.nl\\\/\",\"name\":\"Pony and dog trip europe\",\"description\":\"Harrie Huijben pony en hond\",\"potentialAction\":[{\"@type\":\"SearchAction\",\"target\":{\"@type\":\"EntryPoint\",\"urlTemplate\":\"https:\\\/\\\/www.ponyanddogtrip.nl\\\/?s={search_term_string}\"},\"query-input\":{\"@type\":\"PropertyValueSpecification\",\"valueRequired\":true,\"valueName\":\"search_term_string\"}}],\"inLanguage\":\"de\"}]}<\/script>\n<!-- \/ Yoast SEO plugin. -->","yoast_head_json":{"title":"\u00dcber mich - Pony and dog trip europe","robots":{"index":"index","follow":"follow","max-snippet":"max-snippet:-1","max-image-preview":"max-image-preview:large","max-video-preview":"max-video-preview:-1"},"canonical":"https:\/\/www.ponyanddogtrip.nl\/de\/uber-mich\/","og_locale":"de_DE","og_type":"article","og_title":"\u00dcber mich - Pony and dog trip europe","og_description":"Ich bin geboren 1951 in Heerlen &#8212; S\u00fcd Limburg , Niederlande. War immer interessiert\u00a0 in Tieren , Natur und Landschaft . Liebe k\u00f6rperliche Aktivit\u00e4t und Sport im Freien . Urspr\u00fcnglich hatte ich vor eine \u00b4gr\u00fcne Ausbildung \u00b4zu machen . Schlie\u00dflich bin ich Hausarzt geworden in einem Dorf . Die 4 Kinder sind schon lange selbst\u00e4ndig&nbsp;","og_url":"https:\/\/www.ponyanddogtrip.nl\/de\/uber-mich\/","og_site_name":"Pony and dog trip europe","article_modified_time":"2014-06-29T19:56:41+00:00","schema":{"@context":"https:\/\/schema.org","@graph":[{"@type":"WebPage","@id":"https:\/\/www.ponyanddogtrip.nl\/de\/uber-mich\/","url":"https:\/\/www.ponyanddogtrip.nl\/de\/uber-mich\/","name":"\u00dcber mich - Pony and dog trip europe","isPartOf":{"@id":"https:\/\/www.ponyanddogtrip.nl\/#website"},"datePublished":"2014-06-12T11:54:53+00:00","dateModified":"2014-06-29T19:56:41+00:00","breadcrumb":{"@id":"https:\/\/www.ponyanddogtrip.nl\/de\/uber-mich\/#breadcrumb"},"inLanguage":"de","potentialAction":[{"@type":"ReadAction","target":["https:\/\/www.ponyanddogtrip.nl\/de\/uber-mich\/"]}]},{"@type":"BreadcrumbList","@id":"https:\/\/www.ponyanddogtrip.nl\/de\/uber-mich\/#breadcrumb","itemListElement":[{"@type":"ListItem","position":1,"name":"Home","item":"https:\/\/www.ponyanddogtrip.nl\/"},{"@type":"ListItem","position":2,"name":"\u00dcber mich"}]},{"@type":"WebSite","@id":"https:\/\/www.ponyanddogtrip.nl\/#website","url":"https:\/\/www.ponyanddogtrip.nl\/","name":"Pony and dog trip europe","description":"Harrie Huijben pony en hond","potentialAction":[{"@type":"SearchAction","target":{"@type":"EntryPoint","urlTemplate":"https:\/\/www.ponyanddogtrip.nl\/?s={search_term_string}"},"query-input":{"@type":"PropertyValueSpecification","valueRequired":true,"valueName":"search_term_string"}}],"inLanguage":"de"}]}},"_links":{"self":[{"href":"https:\/\/www.ponyanddogtrip.nl\/de\/wp-json\/wp\/v2\/pages\/1064","targetHints":{"allow":["GET"]}}],"collection":[{"href":"https:\/\/www.ponyanddogtrip.nl\/de\/wp-json\/wp\/v2\/pages"}],"about":[{"href":"https:\/\/www.ponyanddogtrip.nl\/de\/wp-json\/wp\/v2\/types\/page"}],"author":[{"embeddable":true,"href":"https:\/\/www.ponyanddogtrip.nl\/de\/wp-json\/wp\/v2\/users\/5"}],"replies":[{"embeddable":true,"href":"https:\/\/www.ponyanddogtrip.nl\/de\/wp-json\/wp\/v2\/comments?post=1064"}],"version-history":[{"count":0,"href":"https:\/\/www.ponyanddogtrip.nl\/de\/wp-json\/wp\/v2\/pages\/1064\/revisions"}],"wp:attachment":[{"href":"https:\/\/www.ponyanddogtrip.nl\/de\/wp-json\/wp\/v2\/media?parent=1064"}],"curies":[{"name":"wp","href":"https:\/\/api.w.org\/{rel}","templated":true}]}}