{"id":1053,"date":"2014-06-12T12:45:00","date_gmt":"2014-06-12T11:45:00","guid":{"rendered":"http:\/\/www.ponyanddogtrip.com\/?page_id=1053"},"modified":"2014-06-25T22:38:18","modified_gmt":"2014-06-25T21:38:18","slug":"alben","status":"publish","type":"page","link":"https:\/\/www.ponyanddogtrip.nl\/de\/alben\/","title":{"rendered":"Alben"},"content":{"rendered":"<p style=\"padding-left: 270px;\">\u00fc<a href=\"http:\/\/www.ponyanddogtrip.com\/wp-content\/uploads\/2014\/04\/stierrijden.jpg\"><img loading=\"lazy\" decoding=\"async\" class=\"alignnone size-medium wp-image-498\" src=\"http:\/\/www.ponyanddogtrip.com\/wp-content\/uploads\/2014\/04\/stierrijden-300x226.jpg\" alt=\"stierrijden\" width=\"300\" height=\"226\" srcset=\"https:\/\/www.ponyanddogtrip.nl\/wp-content\/uploads\/2014\/04\/stierrijden-300x226.jpg 300w, https:\/\/www.ponyanddogtrip.nl\/wp-content\/uploads\/2014\/04\/stierrijden-1024x771.jpg 1024w, https:\/\/www.ponyanddogtrip.nl\/wp-content\/uploads\/2014\/04\/stierrijden-100x75.jpg 100w, https:\/\/www.ponyanddogtrip.nl\/wp-content\/uploads\/2014\/04\/stierrijden-240x180.jpg 240w\" sizes=\"auto, (max-width: 300px) 100vw, 300px\" \/><\/a><\/p>\n<p style=\"padding-left: 270px;\">\u00fcben f\u00fcr Spanien<p>Invalid Displayed Gallery<\/p><\/p>\n","protected":false},"excerpt":{"rendered":"<p>\u00fc \u00fcben f\u00fcr SpanienInvalid Displayed Gallery<\/p>\n","protected":false},"author":5,"featured_media":0,"parent":0,"menu_order":0,"comment_status":"open","ping_status":"open","template":"","meta":{"ngg_post_thumbnail":0,"footnotes":""},"class_list":["post-1053","page","type-page","status-publish","hentry","entry","has-post-thumbnail"],"yoast_head":"<!-- This site is optimized with the Yoast SEO plugin v27.4 - https:\/\/yoast.com\/product\/yoast-seo-wordpress\/ -->\n<title>Alben - Pony and dog trip europe<\/title>\n<meta name=\"robots\" content=\"index, follow, max-snippet:-1, max-image-preview:large, max-video-preview:-1\" \/>\n<link rel=\"canonical\" href=\"https:\/\/www.ponyanddogtrip.nl\/de\/alben\/\" \/>\n<meta property=\"og:locale\" content=\"de_DE\" \/>\n<meta property=\"og:type\" content=\"article\" \/>\n<meta property=\"og:title\" content=\"Alben - Pony and dog trip europe\" \/>\n<meta property=\"og:description\" content=\"\u00fc \u00fcben f\u00fcr SpanienInvalid Displayed Gallery\" \/>\n<meta property=\"og:url\" content=\"https:\/\/www.ponyanddogtrip.nl\/de\/alben\/\" \/>\n<meta property=\"og:site_name\" content=\"Pony and dog trip europe\" \/>\n<meta property=\"article:modified_time\" content=\"2014-06-25T21:38:18+00:00\" \/>\n<meta property=\"og:image\" content=\"http:\/\/www.ponyanddogtrip.com\/wp-content\/uploads\/2014\/04\/stierrijden-300x226.jpg\" \/>\n<script type=\"application\/ld+json\" class=\"yoast-schema-graph\">{\"@context\":\"https:\\\/\\\/schema.org\",\"@graph\":[{\"@type\":\"WebPage\",\"@id\":\"https:\\\/\\\/www.ponyanddogtrip.nl\\\/de\\\/alben\\\/\",\"url\":\"https:\\\/\\\/www.ponyanddogtrip.nl\\\/de\\\/alben\\\/\",\"name\":\"Alben - Pony and dog trip europe\",\"isPartOf\":{\"@id\":\"https:\\\/\\\/www.ponyanddogtrip.nl\\\/#website\"},\"primaryImageOfPage\":{\"@id\":\"https:\\\/\\\/www.ponyanddogtrip.nl\\\/de\\\/alben\\\/#primaryimage\"},\"image\":{\"@id\":\"https:\\\/\\\/www.ponyanddogtrip.nl\\\/de\\\/alben\\\/#primaryimage\"},\"thumbnailUrl\":\"http:\\\/\\\/www.ponyanddogtrip.com\\\/wp-content\\\/uploads\\\/2014\\\/04\\\/stierrijden-300x226.jpg\",\"datePublished\":\"2014-06-12T11:45:00+00:00\",\"dateModified\":\"2014-06-25T21:38:18+00:00\",\"breadcrumb\":{\"@id\":\"https:\\\/\\\/www.ponyanddogtrip.nl\\\/de\\\/alben\\\/#breadcrumb\"},\"inLanguage\":\"de\",\"potentialAction\":[{\"@type\":\"ReadAction\",\"target\":[\"https:\\\/\\\/www.ponyanddogtrip.nl\\\/de\\\/alben\\\/\"]}]},{\"@type\":\"ImageObject\",\"inLanguage\":\"de\",\"@id\":\"https:\\\/\\\/www.ponyanddogtrip.nl\\\/de\\\/alben\\\/#primaryimage\",\"url\":\"http:\\\/\\\/www.ponyanddogtrip.com\\\/wp-content\\\/uploads\\\/2014\\\/04\\\/stierrijden-300x226.jpg\",\"contentUrl\":\"http:\\\/\\\/www.ponyanddogtrip.com\\\/wp-content\\\/uploads\\\/2014\\\/04\\\/stierrijden-300x226.jpg\"},{\"@type\":\"BreadcrumbList\",\"@id\":\"https:\\\/\\\/www.ponyanddogtrip.nl\\\/de\\\/alben\\\/#breadcrumb\",\"itemListElement\":[{\"@type\":\"ListItem\",\"position\":1,\"name\":\"Home\",\"item\":\"https:\\\/\\\/www.ponyanddogtrip.nl\\\/\"},{\"@type\":\"ListItem\",\"position\":2,\"name\":\"Alben\"}]},{\"@type\":\"WebSite\",\"@id\":\"https:\\\/\\\/www.ponyanddogtrip.nl\\\/#website\",\"url\":\"https:\\\/\\\/www.ponyanddogtrip.nl\\\/\",\"name\":\"Pony and dog trip europe\",\"description\":\"Harrie Huijben pony en hond\",\"potentialAction\":[{\"@type\":\"SearchAction\",\"target\":{\"@type\":\"EntryPoint\",\"urlTemplate\":\"https:\\\/\\\/www.ponyanddogtrip.nl\\\/?s={search_term_string}\"},\"query-input\":{\"@type\":\"PropertyValueSpecification\",\"valueRequired\":true,\"valueName\":\"search_term_string\"}}],\"inLanguage\":\"de\"}]}<\/script>\n<!-- \/ Yoast SEO plugin. -->","yoast_head_json":{"title":"Alben - Pony and dog trip europe","robots":{"index":"index","follow":"follow","max-snippet":"max-snippet:-1","max-image-preview":"max-image-preview:large","max-video-preview":"max-video-preview:-1"},"canonical":"https:\/\/www.ponyanddogtrip.nl\/de\/alben\/","og_locale":"de_DE","og_type":"article","og_title":"Alben - Pony and dog trip europe","og_description":"\u00fc \u00fcben f\u00fcr SpanienInvalid Displayed Gallery","og_url":"https:\/\/www.ponyanddogtrip.nl\/de\/alben\/","og_site_name":"Pony and dog trip europe","article_modified_time":"2014-06-25T21:38:18+00:00","og_image":[{"url":"http:\/\/www.ponyanddogtrip.com\/wp-content\/uploads\/2014\/04\/stierrijden-300x226.jpg","type":"","width":"","height":""}],"schema":{"@context":"https:\/\/schema.org","@graph":[{"@type":"WebPage","@id":"https:\/\/www.ponyanddogtrip.nl\/de\/alben\/","url":"https:\/\/www.ponyanddogtrip.nl\/de\/alben\/","name":"Alben - Pony and dog trip europe","isPartOf":{"@id":"https:\/\/www.ponyanddogtrip.nl\/#website"},"primaryImageOfPage":{"@id":"https:\/\/www.ponyanddogtrip.nl\/de\/alben\/#primaryimage"},"image":{"@id":"https:\/\/www.ponyanddogtrip.nl\/de\/alben\/#primaryimage"},"thumbnailUrl":"http:\/\/www.ponyanddogtrip.com\/wp-content\/uploads\/2014\/04\/stierrijden-300x226.jpg","datePublished":"2014-06-12T11:45:00+00:00","dateModified":"2014-06-25T21:38:18+00:00","breadcrumb":{"@id":"https:\/\/www.ponyanddogtrip.nl\/de\/alben\/#breadcrumb"},"inLanguage":"de","potentialAction":[{"@type":"ReadAction","target":["https:\/\/www.ponyanddogtrip.nl\/de\/alben\/"]}]},{"@type":"ImageObject","inLanguage":"de","@id":"https:\/\/www.ponyanddogtrip.nl\/de\/alben\/#primaryimage","url":"http:\/\/www.ponyanddogtrip.com\/wp-content\/uploads\/2014\/04\/stierrijden-300x226.jpg","contentUrl":"http:\/\/www.ponyanddogtrip.com\/wp-content\/uploads\/2014\/04\/stierrijden-300x226.jpg"},{"@type":"BreadcrumbList","@id":"https:\/\/www.ponyanddogtrip.nl\/de\/alben\/#breadcrumb","itemListElement":[{"@type":"ListItem","position":1,"name":"Home","item":"https:\/\/www.ponyanddogtrip.nl\/"},{"@type":"ListItem","position":2,"name":"Alben"}]},{"@type":"WebSite","@id":"https:\/\/www.ponyanddogtrip.nl\/#website","url":"https:\/\/www.ponyanddogtrip.nl\/","name":"Pony and dog trip europe","description":"Harrie Huijben pony en hond","potentialAction":[{"@type":"SearchAction","target":{"@type":"EntryPoint","urlTemplate":"https:\/\/www.ponyanddogtrip.nl\/?s={search_term_string}"},"query-input":{"@type":"PropertyValueSpecification","valueRequired":true,"valueName":"search_term_string"}}],"inLanguage":"de"}]}},"_links":{"self":[{"href":"https:\/\/www.ponyanddogtrip.nl\/de\/wp-json\/wp\/v2\/pages\/1053","targetHints":{"allow":["GET"]}}],"collection":[{"href":"https:\/\/www.ponyanddogtrip.nl\/de\/wp-json\/wp\/v2\/pages"}],"about":[{"href":"https:\/\/www.ponyanddogtrip.nl\/de\/wp-json\/wp\/v2\/types\/page"}],"author":[{"embeddable":true,"href":"https:\/\/www.ponyanddogtrip.nl\/de\/wp-json\/wp\/v2\/users\/5"}],"replies":[{"embeddable":true,"href":"https:\/\/www.ponyanddogtrip.nl\/de\/wp-json\/wp\/v2\/comments?post=1053"}],"version-history":[{"count":0,"href":"https:\/\/www.ponyanddogtrip.nl\/de\/wp-json\/wp\/v2\/pages\/1053\/revisions"}],"wp:attachment":[{"href":"https:\/\/www.ponyanddogtrip.nl\/de\/wp-json\/wp\/v2\/media?parent=1053"}],"curies":[{"name":"wp","href":"https:\/\/api.w.org\/{rel}","templated":true}]}}